{"id":252,"date":"2024-02-21T12:28:00","date_gmt":"2024-02-21T11:28:00","guid":{"rendered":"http:\/\/pogotowieskawina.pl\/?page_id=252"},"modified":"2025-11-14T11:10:01","modified_gmt":"2025-11-14T10:10:01","slug":"strona-glowna","status":"publish","type":"page","link":"https:\/\/pogotowieskawina.pl\/","title":{"rendered":"STRONA G\u0141\u00d3WNA"},"content":{"rendered":"<h3 style=\"text-align: center;\"><a href=\"https:\/\/forms.gle\/crMyEVaX6Zqcour38\" target=\"_blank\" rel=\"noopener\">Ankieta badania opinii pacjenta<\/a><\/h3>\n<h3>\u00a0<\/h3>\n<h3 style=\"text-align: center;\"><a href=\"http:\/\/pogotowieskawina.pl\/wp-content\/uploads\/2020\/01\/46d86aa3-64c4-4f5c-bae1-f3a791ecc064.jpg\"><br \/><img decoding=\"async\" src=\"https:\/\/pogotowieskawina.pl\/wp-content\/uploads\/2020\/01\/46d86aa3-64c4-4f5c-bae1-f3a791ecc064-1024x409.jpg\" sizes=\"(max-width: 1024px) 100vw, 1024px\" srcset=\"https:\/\/pogotowieskawina.pl\/wp-content\/uploads\/2020\/01\/46d86aa3-64c4-4f5c-bae1-f3a791ecc064-1024x409.jpg 1024w, https:\/\/pogotowieskawina.pl\/wp-content\/uploads\/2020\/01\/46d86aa3-64c4-4f5c-bae1-f3a791ecc064-300x120.jpg 300w, https:\/\/pogotowieskawina.pl\/wp-content\/uploads\/2020\/01\/46d86aa3-64c4-4f5c-bae1-f3a791ecc064-768x307.jpg 768w, https:\/\/pogotowieskawina.pl\/wp-content\/uploads\/2020\/01\/46d86aa3-64c4-4f5c-bae1-f3a791ecc064-1536x614.jpg 1536w, https:\/\/pogotowieskawina.pl\/wp-content\/uploads\/2020\/01\/46d86aa3-64c4-4f5c-bae1-f3a791ecc064-2048x819.jpg 2048w, https:\/\/pogotowieskawina.pl\/wp-content\/uploads\/2020\/01\/46d86aa3-64c4-4f5c-bae1-f3a791ecc064-370x148.jpg 370w, https:\/\/pogotowieskawina.pl\/wp-content\/uploads\/2020\/01\/46d86aa3-64c4-4f5c-bae1-f3a791ecc064-1040x416.jpg 1040w\" alt=\"Zdj\u0119cie prezentuje numery alarmowe. 999 Pa\u0144stwowe Ratownictwo Medyczne. 997 Policja. 998 Stra\u017c Po\u017carna. 112 Europejski numer alarmowy\" width=\"300\" height=\"120\" \/> <\/a><br \/><a href=\"https:\/\/openaedmap.org\/pl\/#map=13.04\/49.97329\/19.82907\" target=\"_blank\" rel=\"noopener\"><br \/><img decoding=\"async\" src=\"https:\/\/pogotowieskawina.pl\/wp-content\/uploads\/2020\/01\/b1cb99b4-5666-4ad0-862d-73c670b64a37-1024x409.jpg\" sizes=\"(max-width: 1024px) 100vw, 1024px\" srcset=\"https:\/\/pogotowieskawina.pl\/wp-content\/uploads\/2020\/01\/b1cb99b4-5666-4ad0-862d-73c670b64a37-1024x409.jpg 1024w, https:\/\/pogotowieskawina.pl\/wp-content\/uploads\/2020\/01\/b1cb99b4-5666-4ad0-862d-73c670b64a37-300x120.jpg 300w, https:\/\/pogotowieskawina.pl\/wp-content\/uploads\/2020\/01\/b1cb99b4-5666-4ad0-862d-73c670b64a37-768x307.jpg 768w, https:\/\/pogotowieskawina.pl\/wp-content\/uploads\/2020\/01\/b1cb99b4-5666-4ad0-862d-73c670b64a37-1536x614.jpg 1536w, https:\/\/pogotowieskawina.pl\/wp-content\/uploads\/2020\/01\/b1cb99b4-5666-4ad0-862d-73c670b64a37-2048x819.jpg 2048w, https:\/\/pogotowieskawina.pl\/wp-content\/uploads\/2020\/01\/b1cb99b4-5666-4ad0-862d-73c670b64a37-370x148.jpg 370w, https:\/\/pogotowieskawina.pl\/wp-content\/uploads\/2020\/01\/b1cb99b4-5666-4ad0-862d-73c670b64a37-1040x416.jpg 1040w\" alt=\"Guzik po naci\u015bni\u015bni\u0119ciu kt\u00f3rego otwierane s\u0105 mapy google na kt\u00f3rych widoczna jest okalizacja Automatycznych Defibrylator\u00f3w w mie\u015bcie i gminie skawina.\" width=\"293\" height=\"117\" \/> <\/a><\/h3>\n<p><a href=\"https:\/\/bip.malopolska.pl\/pogotowieskawina,m,315005,o-jednostce.html\" target=\"_blank\" rel=\"noopener\"><br \/><img decoding=\"async\" src=\"https:\/\/pogotowieskawina.pl\/wp-content\/uploads\/2020\/01\/4215d131-785b-4374-8d28-0ab5abf3f2f4-1024x410.jpg\" sizes=\"(max-width: 1024px) 100vw, 1024px\" srcset=\"https:\/\/pogotowieskawina.pl\/wp-content\/uploads\/2020\/01\/4215d131-785b-4374-8d28-0ab5abf3f2f4-1024x410.jpg 1024w, https:\/\/pogotowieskawina.pl\/wp-content\/uploads\/2020\/01\/4215d131-785b-4374-8d28-0ab5abf3f2f4-300x120.jpg 300w, https:\/\/pogotowieskawina.pl\/wp-content\/uploads\/2020\/01\/4215d131-785b-4374-8d28-0ab5abf3f2f4-768x307.jpg 768w, https:\/\/pogotowieskawina.pl\/wp-content\/uploads\/2020\/01\/4215d131-785b-4374-8d28-0ab5abf3f2f4-1536x615.jpg 1536w, https:\/\/pogotowieskawina.pl\/wp-content\/uploads\/2020\/01\/4215d131-785b-4374-8d28-0ab5abf3f2f4-2048x819.jpg 2048w, https:\/\/pogotowieskawina.pl\/wp-content\/uploads\/2020\/01\/4215d131-785b-4374-8d28-0ab5abf3f2f4-370x148.jpg 370w, https:\/\/pogotowieskawina.pl\/wp-content\/uploads\/2020\/01\/4215d131-785b-4374-8d28-0ab5abf3f2f4-1040x416.jpg 1040w\" alt=\"guzik po klikni\u0119ciu kt\u00f3rego u\u017cytkownik przeniesiony zostanie na stron\u0119 biuletynu informacji publicznej pogotowia ratunkowego w skawinie\" width=\"293\" height=\"117\" \/> <\/a><br \/><a href=\"https:\/\/www.gminaskawina.pl\/\" target=\"_blank\" rel=\"noopener\"><br \/><img loading=\"lazy\" decoding=\"async\" src=\"https:\/\/pogotowieskawina.pl\/wp-content\/uploads\/2020\/01\/a96530e8-df8b-4a81-8f99-6596b7156fe6-1024x410.jpg\" sizes=\"(max-width: 1024px) 100vw, 1024px\" srcset=\"https:\/\/pogotowieskawina.pl\/wp-content\/uploads\/2020\/01\/a96530e8-df8b-4a81-8f99-6596b7156fe6-1024x410.jpg 1024w, https:\/\/pogotowieskawina.pl\/wp-content\/uploads\/2020\/01\/a96530e8-df8b-4a81-8f99-6596b7156fe6-300x120.jpg 300w, https:\/\/pogotowieskawina.pl\/wp-content\/uploads\/2020\/01\/a96530e8-df8b-4a81-8f99-6596b7156fe6-768x307.jpg 768w, https:\/\/pogotowieskawina.pl\/wp-content\/uploads\/2020\/01\/a96530e8-df8b-4a81-8f99-6596b7156fe6-1536x614.jpg 1536w, https:\/\/pogotowieskawina.pl\/wp-content\/uploads\/2020\/01\/a96530e8-df8b-4a81-8f99-6596b7156fe6-370x148.jpg 370w, https:\/\/pogotowieskawina.pl\/wp-content\/uploads\/2020\/01\/a96530e8-df8b-4a81-8f99-6596b7156fe6-1040x416.jpg 1040w, https:\/\/pogotowieskawina.pl\/wp-content\/uploads\/2020\/01\/a96530e8-df8b-4a81-8f99-6596b7156fe6.jpg 1575w\" alt=\"Guzik po klikni\u0119ciu kt\u00f3rego u\u017cytkownik przeniesiony zostaje na stron\u0119 miasta i gminy skawina.\" width=\"295\" height=\"118\" \/> <\/a><br \/><a href=\"http:\/\/www.nfz-krakow.pl\/\" target=\"_blank\" rel=\"noopener\"><br \/><img loading=\"lazy\" decoding=\"async\" src=\"https:\/\/pogotowieskawina.pl\/wp-content\/uploads\/2020\/01\/0e97de13-6bef-479b-9e52-64c218aece57-1024x410.jpg\" sizes=\"(max-width: 1024px) 100vw, 1024px\" srcset=\"https:\/\/pogotowieskawina.pl\/wp-content\/uploads\/2020\/01\/0e97de13-6bef-479b-9e52-64c218aece57-1024x410.jpg 1024w, https:\/\/pogotowieskawina.pl\/wp-content\/uploads\/2020\/01\/0e97de13-6bef-479b-9e52-64c218aece57-300x120.jpg 300w, https:\/\/pogotowieskawina.pl\/wp-content\/uploads\/2020\/01\/0e97de13-6bef-479b-9e52-64c218aece57-768x307.jpg 768w, https:\/\/pogotowieskawina.pl\/wp-content\/uploads\/2020\/01\/0e97de13-6bef-479b-9e52-64c218aece57-1536x615.jpg 1536w, https:\/\/pogotowieskawina.pl\/wp-content\/uploads\/2020\/01\/0e97de13-6bef-479b-9e52-64c218aece57-370x148.jpg 370w, https:\/\/pogotowieskawina.pl\/wp-content\/uploads\/2020\/01\/0e97de13-6bef-479b-9e52-64c218aece57-1040x416.jpg 1040w, https:\/\/pogotowieskawina.pl\/wp-content\/uploads\/2020\/01\/0e97de13-6bef-479b-9e52-64c218aece57.jpg 1547w\" alt=\"guzik po klikni\u0119ciu kt\u00f3rego u\u017cytkownik przeniesiony zostaje na stron\u0119 NFZ krak\u00f3w\" width=\"303\" height=\"121\" \/> <\/a><br \/><a href=\"https:\/\/www.facebook.com\/PogotowieSkawina\/\" target=\"_blank\" rel=\"noopener\"><br \/><img loading=\"lazy\" decoding=\"async\" src=\"https:\/\/pogotowieskawina.pl\/wp-content\/uploads\/2020\/01\/a26fae92-0f63-4a37-aa6b-91a296a5921b-1024x410.jpg\" sizes=\"(max-width: 1024px) 100vw, 1024px\" srcset=\"https:\/\/pogotowieskawina.pl\/wp-content\/uploads\/2020\/01\/a26fae92-0f63-4a37-aa6b-91a296a5921b-1024x410.jpg 1024w, https:\/\/pogotowieskawina.pl\/wp-content\/uploads\/2020\/01\/a26fae92-0f63-4a37-aa6b-91a296a5921b-300x120.jpg 300w, https:\/\/pogotowieskawina.pl\/wp-content\/uploads\/2020\/01\/a26fae92-0f63-4a37-aa6b-91a296a5921b-768x307.jpg 768w, https:\/\/pogotowieskawina.pl\/wp-content\/uploads\/2020\/01\/a26fae92-0f63-4a37-aa6b-91a296a5921b-1536x615.jpg 1536w, https:\/\/pogotowieskawina.pl\/wp-content\/uploads\/2020\/01\/a26fae92-0f63-4a37-aa6b-91a296a5921b-2048x819.jpg 2048w, https:\/\/pogotowieskawina.pl\/wp-content\/uploads\/2020\/01\/a26fae92-0f63-4a37-aa6b-91a296a5921b-370x148.jpg 370w, https:\/\/pogotowieskawina.pl\/wp-content\/uploads\/2020\/01\/a26fae92-0f63-4a37-aa6b-91a296a5921b-1040x416.jpg 1040w\" alt=\"guzik po klikni\u0119ciu kt\u00f3rego u\u017cytkownik przeniesiony zostaje na stron\u0119 facebookow\u0105 pogotowia ratunkowego w skawinie\" width=\"315\" height=\"126\" \/> <\/a><br \/><a href=\"https:\/\/pogotowieskawina.pl\/index.php\/certyfikaty\/\"><br \/><img loading=\"lazy\" decoding=\"async\" src=\"https:\/\/pogotowieskawina.pl\/wp-content\/uploads\/2023\/01\/Screenshot_20230130_190507_Adobe-Acrobat-2.jpg\" sizes=\"(max-width: 429px) 100vw, 429px\" srcset=\"https:\/\/pogotowieskawina.pl\/wp-content\/uploads\/2023\/01\/Screenshot_20230130_190507_Adobe-Acrobat-2.jpg 429w, https:\/\/pogotowieskawina.pl\/wp-content\/uploads\/2023\/01\/Screenshot_20230130_190507_Adobe-Acrobat-2-215x300.jpg 215w, https:\/\/pogotowieskawina.pl\/wp-content\/uploads\/2023\/01\/Screenshot_20230130_190507_Adobe-Acrobat-2-370x517.jpg 370w\" alt=\"\" width=\"352\" height=\"492\" \/> <\/a><br \/><a href=\"https:\/\/pogotowieskawina.pl\/wp-content\/uploads\/2020\/05\/TARCZA2-scaled.jpg\" target=\"_blank\" rel=\"noopener\"><br \/><img loading=\"lazy\" decoding=\"async\" src=\"https:\/\/pogotowieskawina.pl\/wp-content\/uploads\/2020\/05\/TARCZA2-722x1024.jpg\" sizes=\"(max-width: 722px) 100vw, 722px\" srcset=\"https:\/\/pogotowieskawina.pl\/wp-content\/uploads\/2020\/05\/TARCZA2-722x1024.jpg 722w, https:\/\/pogotowieskawina.pl\/wp-content\/uploads\/2020\/05\/TARCZA2-211x300.jpg 211w, https:\/\/pogotowieskawina.pl\/wp-content\/uploads\/2020\/05\/TARCZA2-768x1089.jpg 768w, https:\/\/pogotowieskawina.pl\/wp-content\/uploads\/2020\/05\/TARCZA2-1083x1536.jpg 1083w, https:\/\/pogotowieskawina.pl\/wp-content\/uploads\/2020\/05\/TARCZA2-1444x2048.jpg 1444w, https:\/\/pogotowieskawina.pl\/wp-content\/uploads\/2020\/05\/TARCZA2-370x525.jpg 370w, https:\/\/pogotowieskawina.pl\/wp-content\/uploads\/2020\/05\/TARCZA2-1040x1475.jpg 1040w, https:\/\/pogotowieskawina.pl\/wp-content\/uploads\/2020\/05\/TARCZA2-scaled.jpg 1805w\" alt=\"MA\u0141OPOLSKA TARCZA MEDYCZNA\" width=\"355\" height=\"503\" \/> <\/a><\/p>\n<h2>\u00a0<\/h2>\n<h2 style=\"text-align: center;\">Jeste\u015bmy tutaj<\/h2>\n<p><iframe title=\"pOGOTOWIE RATNKOWE W SKAWINIE\" src=\"https:\/\/maps.google.com\/maps?q=pOGOTOWIE%20RATNKOWE%20W%20SKAWINIE&amp;t=m&amp;z=17&amp;output=embed&amp;iwloc=near\" frameborder=\"0\" marginwidth=\"0\" marginheight=\"0\" scrolling=\"no\" aria-label=\"pOGOTOWIE RATNKOWE W SKAWINIE\"><\/iframe><\/p>\n","protected":false},"excerpt":{"rendered":"<p>Ankieta badania opinii pacjenta \u00a0 \u00a0 Jeste\u015bmy tutaj<\/p>\n","protected":false},"author":2,"featured_media":737,"parent":0,"menu_order":0,"comment_status":"closed","ping_status":"closed","template":"","meta":{"_crdt_document":"","footnotes":""},"class_list":["post-252","page","type-page","status-publish","has-post-thumbnail","hentry"],"_links":{"self":[{"href":"https:\/\/pogotowieskawina.pl\/index.php\/wp-json\/wp\/v2\/pages\/252","targetHints":{"allow":["GET"]}}],"collection":[{"href":"https:\/\/pogotowieskawina.pl\/index.php\/wp-json\/wp\/v2\/pages"}],"about":[{"href":"https:\/\/pogotowieskawina.pl\/index.php\/wp-json\/wp\/v2\/types\/page"}],"author":[{"embeddable":true,"href":"https:\/\/pogotowieskawina.pl\/index.php\/wp-json\/wp\/v2\/users\/2"}],"replies":[{"embeddable":true,"href":"https:\/\/pogotowieskawina.pl\/index.php\/wp-json\/wp\/v2\/comments?post=252"}],"version-history":[{"count":203,"href":"https:\/\/pogotowieskawina.pl\/index.php\/wp-json\/wp\/v2\/pages\/252\/revisions"}],"predecessor-version":[{"id":2123,"href":"https:\/\/pogotowieskawina.pl\/index.php\/wp-json\/wp\/v2\/pages\/252\/revisions\/2123"}],"wp:featuredmedia":[{"embeddable":true,"href":"https:\/\/pogotowieskawina.pl\/index.php\/wp-json\/wp\/v2\/media\/737"}],"wp:attachment":[{"href":"https:\/\/pogotowieskawina.pl\/index.php\/wp-json\/wp\/v2\/media?parent=252"}],"curies":[{"name":"wp","href":"https:\/\/api.w.org\/{rel}","templated":true}]}}