{"id":24,"date":"2020-01-27T18:57:44","date_gmt":"2020-01-27T17:57:44","guid":{"rendered":"http:\/\/pogotowieskawina.pl\/?page_id=24"},"modified":"2020-02-14T11:48:29","modified_gmt":"2020-02-14T10:48:29","slug":"mistrzostwa-skawiny","status":"publish","type":"page","link":"https:\/\/pogotowieskawina.pl\/index.php\/mistrzostwa-skawiny\/","title":{"rendered":"MISTRZOSTWA SKAWINY"},"content":{"rendered":"\t\t<div data-elementor-type=\"wp-page\" data-elementor-id=\"24\" class=\"elementor elementor-24\">\n\t\t\t\t\t\t<section class=\"elementor-section elementor-top-section elementor-element elementor-element-60aba5e elementor-section-boxed elementor-section-height-default elementor-section-height-default\" data-id=\"60aba5e\" data-element_type=\"section\" data-e-type=\"section\">\n\t\t\t\t\t\t<div class=\"elementor-container elementor-column-gap-default\">\n\t\t\t\t\t<div class=\"elementor-column elementor-col-100 elementor-top-column elementor-element elementor-element-86f0e37\" data-id=\"86f0e37\" data-element_type=\"column\" data-e-type=\"column\">\n\t\t\t<div class=\"elementor-widget-wrap elementor-element-populated\">\n\t\t\t\t\t\t<div class=\"elementor-element elementor-element-1fc219b elementor-widget elementor-widget-heading\" data-id=\"1fc219b\" data-element_type=\"widget\" data-e-type=\"widget\" data-widget_type=\"heading.default\">\n\t\t\t\t<div class=\"elementor-widget-container\">\n\t\t\t\t\t<h2 class=\"elementor-heading-title elementor-size-default\">MISTRZOSTWA SKAWINY<\/h2>\t\t\t\t<\/div>\n\t\t\t\t<\/div>\n\t\t\t\t<div class=\"elementor-element elementor-element-24785a4 elementor-widget-divider--view-line_icon elementor-view-default elementor-widget-divider--element-align-center elementor-widget elementor-widget-divider\" data-id=\"24785a4\" data-element_type=\"widget\" data-e-type=\"widget\" data-widget_type=\"divider.default\">\n\t\t\t\t<div class=\"elementor-widget-container\">\n\t\t\t\t\t\t\t<div class=\"elementor-divider\">\n\t\t\t<span class=\"elementor-divider-separator\">\n\t\t\t\t\t\t\t<div class=\"elementor-icon elementor-divider__element\">\n\t\t\t\t\t<svg aria-hidden=\"true\" class=\"e-font-icon-svg e-fas-ambulance\" viewBox=\"0 0 640 512\" xmlns=\"http:\/\/www.w3.org\/2000\/svg\"><path d=\"M624 352h-16V243.9c0-12.7-5.1-24.9-14.1-33.9L494 110.1c-9-9-21.2-14.1-33.9-14.1H416V48c0-26.5-21.5-48-48-48H48C21.5 0 0 21.5 0 48v320c0 26.5 21.5 48 48 48h16c0 53 43 96 96 96s96-43 96-96h128c0 53 43 96 96 96s96-43 96-96h48c8.8 0 16-7.2 16-16v-32c0-8.8-7.2-16-16-16zM160 464c-26.5 0-48-21.5-48-48s21.5-48 48-48 48 21.5 48 48-21.5 48-48 48zm144-248c0 4.4-3.6 8-8 8h-56v56c0 4.4-3.6 8-8 8h-48c-4.4 0-8-3.6-8-8v-56h-56c-4.4 0-8-3.6-8-8v-48c0-4.4 3.6-8 8-8h56v-56c0-4.4 3.6-8 8-8h48c4.4 0 8 3.6 8 8v56h56c4.4 0 8 3.6 8 8v48zm176 248c-26.5 0-48-21.5-48-48s21.5-48 48-48 48 21.5 48 48-21.5 48-48 48zm80-208H416V144h44.1l99.9 99.9V256z\"><\/path><\/svg><\/div>\n\t\t\t\t\t\t<\/span>\n\t\t<\/div>\n\t\t\t\t\t\t<\/div>\n\t\t\t\t<\/div>\n\t\t\t\t<div class=\"elementor-element elementor-element-5cca699 elementor-hidden-phone elementor-widget elementor-widget-image\" data-id=\"5cca699\" data-element_type=\"widget\" data-e-type=\"widget\" data-widget_type=\"image.default\">\n\t\t\t\t<div class=\"elementor-widget-container\">\n\t\t\t\t\t\t\t\t\t\t\t\t\t\t\t\t<a href=\"http:\/\/pogotowieskawina.pl\/wp-content\/uploads\/2020\/01\/be1e93b4-c54f-482f-8da5-2eb36bc440bd.jpg\">\n\t\t\t\t\t\t\t<img fetchpriority=\"high\" decoding=\"async\" width=\"1024\" height=\"164\" src=\"https:\/\/pogotowieskawina.pl\/wp-content\/uploads\/2020\/01\/be1e93b4-c54f-482f-8da5-2eb36bc440bd-1024x164.jpg\" class=\"elementor-animation-grow attachment-large size-large wp-image-208\" alt=\"Zdj\u0119cie informuj\u0105ce o tym i\u017c pogotowie ratunkowe imienia siegfrieda greinera w skawinie jest instytucj\u0105 miasta i gminy skawina\" srcset=\"https:\/\/pogotowieskawina.pl\/wp-content\/uploads\/2020\/01\/be1e93b4-c54f-482f-8da5-2eb36bc440bd-1024x164.jpg 1024w, https:\/\/pogotowieskawina.pl\/wp-content\/uploads\/2020\/01\/be1e93b4-c54f-482f-8da5-2eb36bc440bd-300x48.jpg 300w, https:\/\/pogotowieskawina.pl\/wp-content\/uploads\/2020\/01\/be1e93b4-c54f-482f-8da5-2eb36bc440bd-768x123.jpg 768w, https:\/\/pogotowieskawina.pl\/wp-content\/uploads\/2020\/01\/be1e93b4-c54f-482f-8da5-2eb36bc440bd-1536x246.jpg 1536w, https:\/\/pogotowieskawina.pl\/wp-content\/uploads\/2020\/01\/be1e93b4-c54f-482f-8da5-2eb36bc440bd-2048x328.jpg 2048w, https:\/\/pogotowieskawina.pl\/wp-content\/uploads\/2020\/01\/be1e93b4-c54f-482f-8da5-2eb36bc440bd-370x59.jpg 370w, https:\/\/pogotowieskawina.pl\/wp-content\/uploads\/2020\/01\/be1e93b4-c54f-482f-8da5-2eb36bc440bd-1040x167.jpg 1040w\" sizes=\"(max-width: 1024px) 100vw, 1024px\" \/>\t\t\t\t\t\t\t\t<\/a>\n\t\t\t\t\t\t\t\t\t\t\t\t\t\t\t<\/div>\n\t\t\t\t<\/div>\n\t\t\t\t<div class=\"elementor-element elementor-element-54c1459 elementor-widget-divider--view-line_icon elementor-hidden-tablet elementor-hidden-phone elementor-view-default elementor-widget-divider--element-align-center elementor-widget elementor-widget-divider\" data-id=\"54c1459\" data-element_type=\"widget\" data-e-type=\"widget\" data-widget_type=\"divider.default\">\n\t\t\t\t<div class=\"elementor-widget-container\">\n\t\t\t\t\t\t\t<div class=\"elementor-divider\">\n\t\t\t<span class=\"elementor-divider-separator\">\n\t\t\t\t\t\t\t<div class=\"elementor-icon elementor-divider__element\">\n\t\t\t\t\t<svg aria-hidden=\"true\" class=\"e-font-icon-svg e-fas-ambulance\" viewBox=\"0 0 640 512\" xmlns=\"http:\/\/www.w3.org\/2000\/svg\"><path d=\"M624 352h-16V243.9c0-12.7-5.1-24.9-14.1-33.9L494 110.1c-9-9-21.2-14.1-33.9-14.1H416V48c0-26.5-21.5-48-48-48H48C21.5 0 0 21.5 0 48v320c0 26.5 21.5 48 48 48h16c0 53 43 96 96 96s96-43 96-96h128c0 53 43 96 96 96s96-43 96-96h48c8.8 0 16-7.2 16-16v-32c0-8.8-7.2-16-16-16zM160 464c-26.5 0-48-21.5-48-48s21.5-48 48-48 48 21.5 48 48-21.5 48-48 48zm144-248c0 4.4-3.6 8-8 8h-56v56c0 4.4-3.6 8-8 8h-48c-4.4 0-8-3.6-8-8v-56h-56c-4.4 0-8-3.6-8-8v-48c0-4.4 3.6-8 8-8h56v-56c0-4.4 3.6-8 8-8h48c4.4 0 8 3.6 8 8v56h56c4.4 0 8 3.6 8 8v48zm176 248c-26.5 0-48-21.5-48-48s21.5-48 48-48 48 21.5 48 48-21.5 48-48 48zm80-208H416V144h44.1l99.9 99.9V256z\"><\/path><\/svg><\/div>\n\t\t\t\t\t\t<\/span>\n\t\t<\/div>\n\t\t\t\t\t\t<\/div>\n\t\t\t\t<\/div>\n\t\t\t\t\t<\/div>\n\t\t<\/div>\n\t\t\t\t\t<\/div>\n\t\t<\/section>\n\t\t\t\t<section class=\"elementor-section elementor-top-section elementor-element elementor-element-9badc44 elementor-section-boxed elementor-section-height-default elementor-section-height-default\" data-id=\"9badc44\" data-element_type=\"section\" data-e-type=\"section\">\n\t\t\t\t\t\t<div class=\"elementor-container elementor-column-gap-default\">\n\t\t\t\t\t<div class=\"elementor-column elementor-col-100 elementor-top-column elementor-element elementor-element-6c7714a\" data-id=\"6c7714a\" data-element_type=\"column\" data-e-type=\"column\">\n\t\t\t<div class=\"elementor-widget-wrap elementor-element-populated\">\n\t\t\t\t\t\t<section class=\"elementor-section elementor-inner-section elementor-element elementor-element-b1157fb elementor-section-boxed elementor-section-height-default elementor-section-height-default\" data-id=\"b1157fb\" data-element_type=\"section\" data-e-type=\"section\">\n\t\t\t\t\t\t<div class=\"elementor-container elementor-column-gap-default\">\n\t\t\t\t\t<div class=\"elementor-column elementor-col-50 elementor-inner-column elementor-element elementor-element-75fded3\" data-id=\"75fded3\" data-element_type=\"column\" data-e-type=\"column\">\n\t\t\t<div class=\"elementor-widget-wrap elementor-element-populated\">\n\t\t\t\t\t\t<div class=\"elementor-element elementor-element-bdfced4 elementor-widget elementor-widget-image\" data-id=\"bdfced4\" data-element_type=\"widget\" data-e-type=\"widget\" data-widget_type=\"image.default\">\n\t\t\t\t<div class=\"elementor-widget-container\">\n\t\t\t\t\t\t\t\t\t\t\t\t\t\t\t\t<a href=\"http:\/\/pogotowieskawina.pl\/wp-content\/uploads\/2020\/01\/e65a490b-ca2a-491f-8f0f-d6c1ec621508.jpg\">\n\t\t\t\t\t\t\t<img decoding=\"async\" width=\"1024\" height=\"1021\" src=\"https:\/\/pogotowieskawina.pl\/wp-content\/uploads\/2020\/01\/e65a490b-ca2a-491f-8f0f-d6c1ec621508-1024x1021.jpg\" class=\"elementor-animation-grow attachment-large size-large wp-image-305\" alt=\"Na zdj\u0119ciu widoczne jest logo mmistrzostwa skawiny w ratownictwie przedmedycznym - Razem budujemy \u0142a\u0144cuch prze\u017cycia\" srcset=\"https:\/\/pogotowieskawina.pl\/wp-content\/uploads\/2020\/01\/e65a490b-ca2a-491f-8f0f-d6c1ec621508-1024x1021.jpg 1024w, https:\/\/pogotowieskawina.pl\/wp-content\/uploads\/2020\/01\/e65a490b-ca2a-491f-8f0f-d6c1ec621508-300x300.jpg 300w, https:\/\/pogotowieskawina.pl\/wp-content\/uploads\/2020\/01\/e65a490b-ca2a-491f-8f0f-d6c1ec621508-150x150.jpg 150w, https:\/\/pogotowieskawina.pl\/wp-content\/uploads\/2020\/01\/e65a490b-ca2a-491f-8f0f-d6c1ec621508-768x766.jpg 768w, https:\/\/pogotowieskawina.pl\/wp-content\/uploads\/2020\/01\/e65a490b-ca2a-491f-8f0f-d6c1ec621508-1536x1532.jpg 1536w, https:\/\/pogotowieskawina.pl\/wp-content\/uploads\/2020\/01\/e65a490b-ca2a-491f-8f0f-d6c1ec621508-2048x2042.jpg 2048w, https:\/\/pogotowieskawina.pl\/wp-content\/uploads\/2020\/01\/e65a490b-ca2a-491f-8f0f-d6c1ec621508-370x369.jpg 370w, https:\/\/pogotowieskawina.pl\/wp-content\/uploads\/2020\/01\/e65a490b-ca2a-491f-8f0f-d6c1ec621508-1040x1037.jpg 1040w\" sizes=\"(max-width: 1024px) 100vw, 1024px\" \/>\t\t\t\t\t\t\t\t<\/a>\n\t\t\t\t\t\t\t\t\t\t\t\t\t\t\t<\/div>\n\t\t\t\t<\/div>\n\t\t\t\t\t<\/div>\n\t\t<\/div>\n\t\t\t\t<div class=\"elementor-column elementor-col-50 elementor-inner-column elementor-element elementor-element-e3a3851\" data-id=\"e3a3851\" data-element_type=\"column\" data-e-type=\"column\">\n\t\t\t<div class=\"elementor-widget-wrap elementor-element-populated\">\n\t\t\t\t\t\t<div class=\"elementor-element elementor-element-18877b7 elementor-drop-cap-yes elementor-drop-cap-view-default elementor-widget elementor-widget-text-editor\" data-id=\"18877b7\" data-element_type=\"widget\" data-e-type=\"widget\" data-settings=\"{&quot;drop_cap&quot;:&quot;yes&quot;}\" data-widget_type=\"text-editor.default\">\n\t\t\t\t<div class=\"elementor-widget-container\">\n\t\t\t\t\t\t\t\t\t<p><u><b>Mistrzostwa Skawiny w Ratownictwie Przedmedycznym<\/b><\/u> to wsp\u00f3lny projekt Burmistrza Miasta i Gminy Skawina, Pogotowia Ratunkowego w Skawinie oraz Szko\u0142y Podstawowej nr 3 w Skawinie.\n<\/p>\n<p>Pierwsze zawody odby\u0142y si\u0119 w 2016 roku i od samego pocz\u0105tku ich g\u0142\u00f3wnym celem by\u0142o sprawdzenie umiej\u0119tno\u015bci uczni\u00f3w w zakresie udzielania Pierwszej Pomocy Przedmedycznej w sytuacjach nag\u0142ych.<\/p>\n<p>Zawody sk\u0142adaj\u0105 si\u0119 cz\u0119\u015bci teoretycznej, gdzie sprawdzana jest wiedza teoretyczna zawodnik\u00f3w. <br><\/p><p>Test sk\u0142ada si\u0119 z 30 pyta\u0144 oraz cz\u0119\u015bci praktycznej w kt\u00f3rej uczniowie sprawdzaj\u0105 swoje umiej\u0119tno\u015bci podczas zainscenizowanych przez Ratownik\u00f3w Medycznych scenek tematycznych.<\/p>\n<p><\/p>\t\t\t\t\t\t\t\t<\/div>\n\t\t\t\t<\/div>\n\t\t\t\t\t<\/div>\n\t\t<\/div>\n\t\t\t\t\t<\/div>\n\t\t<\/section>\n\t\t\t\t<div class=\"elementor-element elementor-element-9284259 elementor-widget-divider--view-line_icon elementor-view-default elementor-widget-divider--element-align-center elementor-widget elementor-widget-divider\" data-id=\"9284259\" data-element_type=\"widget\" data-e-type=\"widget\" data-widget_type=\"divider.default\">\n\t\t\t\t<div class=\"elementor-widget-container\">\n\t\t\t\t\t\t\t<div class=\"elementor-divider\">\n\t\t\t<span class=\"elementor-divider-separator\">\n\t\t\t\t\t\t\t<div class=\"elementor-icon elementor-divider__element\">\n\t\t\t\t\t<svg aria-hidden=\"true\" class=\"e-font-icon-svg e-fas-ambulance\" viewBox=\"0 0 640 512\" xmlns=\"http:\/\/www.w3.org\/2000\/svg\"><path d=\"M624 352h-16V243.9c0-12.7-5.1-24.9-14.1-33.9L494 110.1c-9-9-21.2-14.1-33.9-14.1H416V48c0-26.5-21.5-48-48-48H48C21.5 0 0 21.5 0 48v320c0 26.5 21.5 48 48 48h16c0 53 43 96 96 96s96-43 96-96h128c0 53 43 96 96 96s96-43 96-96h48c8.8 0 16-7.2 16-16v-32c0-8.8-7.2-16-16-16zM160 464c-26.5 0-48-21.5-48-48s21.5-48 48-48 48 21.5 48 48-21.5 48-48 48zm144-248c0 4.4-3.6 8-8 8h-56v56c0 4.4-3.6 8-8 8h-48c-4.4 0-8-3.6-8-8v-56h-56c-4.4 0-8-3.6-8-8v-48c0-4.4 3.6-8 8-8h56v-56c0-4.4 3.6-8 8-8h48c4.4 0 8 3.6 8 8v56h56c4.4 0 8 3.6 8 8v48zm176 248c-26.5 0-48-21.5-48-48s21.5-48 48-48 48 21.5 48 48-21.5 48-48 48zm80-208H416V144h44.1l99.9 99.9V256z\"><\/path><\/svg><\/div>\n\t\t\t\t\t\t<\/span>\n\t\t<\/div>\n\t\t\t\t\t\t<\/div>\n\t\t\t\t<\/div>\n\t\t\t\t\t<\/div>\n\t\t<\/div>\n\t\t\t\t\t<\/div>\n\t\t<\/section>\n\t\t\t\t<section class=\"elementor-section elementor-top-section elementor-element elementor-element-ca2dcc0 elementor-section-boxed elementor-section-height-default elementor-section-height-default\" data-id=\"ca2dcc0\" data-element_type=\"section\" data-e-type=\"section\">\n\t\t\t\t\t\t<div class=\"elementor-container elementor-column-gap-default\">\n\t\t\t\t\t<div class=\"elementor-column elementor-col-50 elementor-top-column elementor-element elementor-element-3a1f7f4\" data-id=\"3a1f7f4\" data-element_type=\"column\" data-e-type=\"column\">\n\t\t\t<div class=\"elementor-widget-wrap elementor-element-populated\">\n\t\t\t\t\t\t<div class=\"elementor-element elementor-element-c378d6f elementor-widget elementor-widget-image\" data-id=\"c378d6f\" data-element_type=\"widget\" data-e-type=\"widget\" data-widget_type=\"image.default\">\n\t\t\t\t<div class=\"elementor-widget-container\">\n\t\t\t\t\t\t\t\t\t\t\t\t\t\t\t\t<a href=\"https:\/\/54776-20190211051915.clickweb.home.pl\/mistrzostwa-skawiny-2019\">\n\t\t\t\t\t\t\t<img decoding=\"async\" width=\"768\" height=\"766\" src=\"https:\/\/pogotowieskawina.pl\/wp-content\/uploads\/2020\/01\/6fb3d984-afbb-4ab4-920d-deef82e73561-768x766.jpg\" class=\"elementor-animation-grow attachment-medium_large size-medium_large wp-image-439\" alt=\"logo czwartych mistrzostw skawiny w ratownictwie przedmedycznym\" srcset=\"https:\/\/pogotowieskawina.pl\/wp-content\/uploads\/2020\/01\/6fb3d984-afbb-4ab4-920d-deef82e73561-768x766.jpg 768w, https:\/\/pogotowieskawina.pl\/wp-content\/uploads\/2020\/01\/6fb3d984-afbb-4ab4-920d-deef82e73561-300x300.jpg 300w, https:\/\/pogotowieskawina.pl\/wp-content\/uploads\/2020\/01\/6fb3d984-afbb-4ab4-920d-deef82e73561-1024x1021.jpg 1024w, https:\/\/pogotowieskawina.pl\/wp-content\/uploads\/2020\/01\/6fb3d984-afbb-4ab4-920d-deef82e73561-150x150.jpg 150w, https:\/\/pogotowieskawina.pl\/wp-content\/uploads\/2020\/01\/6fb3d984-afbb-4ab4-920d-deef82e73561-1536x1532.jpg 1536w, https:\/\/pogotowieskawina.pl\/wp-content\/uploads\/2020\/01\/6fb3d984-afbb-4ab4-920d-deef82e73561-2048x2042.jpg 2048w, https:\/\/pogotowieskawina.pl\/wp-content\/uploads\/2020\/01\/6fb3d984-afbb-4ab4-920d-deef82e73561-370x369.jpg 370w, https:\/\/pogotowieskawina.pl\/wp-content\/uploads\/2020\/01\/6fb3d984-afbb-4ab4-920d-deef82e73561-1040x1037.jpg 1040w\" sizes=\"(max-width: 768px) 100vw, 768px\" \/>\t\t\t\t\t\t\t\t<\/a>\n\t\t\t\t\t\t\t\t\t\t\t\t\t\t\t<\/div>\n\t\t\t\t<\/div>\n\t\t\t\t\t<\/div>\n\t\t<\/div>\n\t\t\t\t<div class=\"elementor-column elementor-col-50 elementor-top-column elementor-element elementor-element-717ed7a\" data-id=\"717ed7a\" data-element_type=\"column\" data-e-type=\"column\">\n\t\t\t<div class=\"elementor-widget-wrap elementor-element-populated\">\n\t\t\t\t\t\t<div class=\"elementor-element elementor-element-775ea1b elementor-hidden-tablet elementor-hidden-phone elementor-widget elementor-widget-spacer\" data-id=\"775ea1b\" data-element_type=\"widget\" data-e-type=\"widget\" data-widget_type=\"spacer.default\">\n\t\t\t\t<div class=\"elementor-widget-container\">\n\t\t\t\t\t\t\t<div class=\"elementor-spacer\">\n\t\t\t<div class=\"elementor-spacer-inner\"><\/div>\n\t\t<\/div>\n\t\t\t\t\t\t<\/div>\n\t\t\t\t<\/div>\n\t\t\t\t<div class=\"elementor-element elementor-element-7b34445 elementor-widget elementor-widget-text-editor\" data-id=\"7b34445\" data-element_type=\"widget\" data-e-type=\"widget\" data-widget_type=\"text-editor.default\">\n\t\t\t\t<div class=\"elementor-widget-container\">\n\t\t\t\t\t\t\t\t\t<p><a href=\"https:\/\/54776-20190211051915.clickweb.home.pl\/mistrzostwa-skawiny-2019\"><span style=\"color: #000000;\">4 MISTRZOSTWA SKAWINY W RATOWNICTWIE PRZEDMEDYCZNYM 31.05.2019<\/span><\/a><\/p>\t\t\t\t\t\t\t\t<\/div>\n\t\t\t\t<\/div>\n\t\t\t\t\t<\/div>\n\t\t<\/div>\n\t\t\t\t\t<\/div>\n\t\t<\/section>\n\t\t\t\t<section class=\"elementor-section elementor-top-section elementor-element elementor-element-4bd4730 elementor-section-boxed elementor-section-height-default elementor-section-height-default\" data-id=\"4bd4730\" data-element_type=\"section\" data-e-type=\"section\">\n\t\t\t\t\t\t<div class=\"elementor-container elementor-column-gap-default\">\n\t\t\t\t\t<div class=\"elementor-column elementor-col-100 elementor-top-column elementor-element elementor-element-6e642be\" data-id=\"6e642be\" data-element_type=\"column\" data-e-type=\"column\">\n\t\t\t<div class=\"elementor-widget-wrap elementor-element-populated\">\n\t\t\t\t\t\t<div class=\"elementor-element elementor-element-352befc elementor-widget-divider--view-line_icon elementor-view-default elementor-widget-divider--element-align-center elementor-widget elementor-widget-divider\" data-id=\"352befc\" data-element_type=\"widget\" data-e-type=\"widget\" data-widget_type=\"divider.default\">\n\t\t\t\t<div class=\"elementor-widget-container\">\n\t\t\t\t\t\t\t<div class=\"elementor-divider\">\n\t\t\t<span class=\"elementor-divider-separator\">\n\t\t\t\t\t\t\t<div class=\"elementor-icon elementor-divider__element\">\n\t\t\t\t\t<svg aria-hidden=\"true\" class=\"e-font-icon-svg e-fas-ambulance\" viewBox=\"0 0 640 512\" xmlns=\"http:\/\/www.w3.org\/2000\/svg\"><path d=\"M624 352h-16V243.9c0-12.7-5.1-24.9-14.1-33.9L494 110.1c-9-9-21.2-14.1-33.9-14.1H416V48c0-26.5-21.5-48-48-48H48C21.5 0 0 21.5 0 48v320c0 26.5 21.5 48 48 48h16c0 53 43 96 96 96s96-43 96-96h128c0 53 43 96 96 96s96-43 96-96h48c8.8 0 16-7.2 16-16v-32c0-8.8-7.2-16-16-16zM160 464c-26.5 0-48-21.5-48-48s21.5-48 48-48 48 21.5 48 48-21.5 48-48 48zm144-248c0 4.4-3.6 8-8 8h-56v56c0 4.4-3.6 8-8 8h-48c-4.4 0-8-3.6-8-8v-56h-56c-4.4 0-8-3.6-8-8v-48c0-4.4 3.6-8 8-8h56v-56c0-4.4 3.6-8 8-8h48c4.4 0 8 3.6 8 8v56h56c4.4 0 8 3.6 8 8v48zm176 248c-26.5 0-48-21.5-48-48s21.5-48 48-48 48 21.5 48 48-21.5 48-48 48zm80-208H416V144h44.1l99.9 99.9V256z\"><\/path><\/svg><\/div>\n\t\t\t\t\t\t<\/span>\n\t\t<\/div>\n\t\t\t\t\t\t<\/div>\n\t\t\t\t<\/div>\n\t\t\t\t\t<\/div>\n\t\t<\/div>\n\t\t\t\t\t<\/div>\n\t\t<\/section>\n\t\t\t\t<section class=\"elementor-section elementor-top-section elementor-element elementor-element-18d1b68 elementor-section-boxed elementor-section-height-default elementor-section-height-default\" data-id=\"18d1b68\" data-element_type=\"section\" data-e-type=\"section\">\n\t\t\t\t\t\t<div class=\"elementor-container elementor-column-gap-default\">\n\t\t\t\t\t<div class=\"elementor-column elementor-col-100 elementor-top-column elementor-element elementor-element-606cd96\" data-id=\"606cd96\" data-element_type=\"column\" data-e-type=\"column\">\n\t\t\t<div class=\"elementor-widget-wrap elementor-element-populated\">\n\t\t\t\t\t\t<div class=\"elementor-element elementor-element-bf1e6e1 elementor-widget elementor-widget-sitemap\" data-id=\"bf1e6e1\" data-element_type=\"widget\" data-e-type=\"widget\" data-widget_type=\"sitemap.default\">\n\t\t\t\t<div class=\"elementor-widget-container\">\n\t\t\t\t\t \t\t\t\t<\/div>\n\t\t\t\t<\/div>\n\t\t\t\t\t<\/div>\n\t\t<\/div>\n\t\t\t\t\t<\/div>\n\t\t<\/section>\n\t\t\t\t<\/div>\n\t\t","protected":false},"excerpt":{"rendered":"<p>MISTRZOSTWA SKAWINY Mistrzostwa Skawiny w Ratownictwie Przedmedycznym to wsp\u00f3lny projekt Burmistrza Miasta i Gminy Skawina,[&#8230;]<\/p>\n","protected":false},"author":2,"featured_media":305,"parent":0,"menu_order":1,"comment_status":"closed","ping_status":"closed","template":"","meta":{"_crdt_document":"","footnotes":""},"class_list":["post-24","page","type-page","status-publish","has-post-thumbnail","hentry"],"_links":{"self":[{"href":"https:\/\/pogotowieskawina.pl\/index.php\/wp-json\/wp\/v2\/pages\/24","targetHints":{"allow":["GET"]}}],"collection":[{"href":"https:\/\/pogotowieskawina.pl\/index.php\/wp-json\/wp\/v2\/pages"}],"about":[{"href":"https:\/\/pogotowieskawina.pl\/index.php\/wp-json\/wp\/v2\/types\/page"}],"author":[{"embeddable":true,"href":"https:\/\/pogotowieskawina.pl\/index.php\/wp-json\/wp\/v2\/users\/2"}],"replies":[{"embeddable":true,"href":"https:\/\/pogotowieskawina.pl\/index.php\/wp-json\/wp\/v2\/comments?post=24"}],"version-history":[{"count":37,"href":"https:\/\/pogotowieskawina.pl\/index.php\/wp-json\/wp\/v2\/pages\/24\/revisions"}],"predecessor-version":[{"id":966,"href":"https:\/\/pogotowieskawina.pl\/index.php\/wp-json\/wp\/v2\/pages\/24\/revisions\/966"}],"wp:featuredmedia":[{"embeddable":true,"href":"https:\/\/pogotowieskawina.pl\/index.php\/wp-json\/wp\/v2\/media\/305"}],"wp:attachment":[{"href":"https:\/\/pogotowieskawina.pl\/index.php\/wp-json\/wp\/v2\/media?parent=24"}],"curies":[{"name":"wp","href":"https:\/\/api.w.org\/{rel}","templated":true}]}}