{"id":2187,"date":"2026-01-22T07:53:24","date_gmt":"2026-01-22T06:53:24","guid":{"rendered":"https:\/\/pogotowieskawina.pl\/?page_id=2187"},"modified":"2026-01-22T09:06:51","modified_gmt":"2026-01-22T08:06:51","slug":"dotacje","status":"publish","type":"page","link":"https:\/\/pogotowieskawina.pl\/index.php\/dotacje\/","title":{"rendered":"Dotacje"},"content":{"rendered":"\t\t<div data-elementor-type=\"wp-page\" data-elementor-id=\"2187\" class=\"elementor elementor-2187\">\n\t\t\t\t<div class=\"elementor-element elementor-element-59b9847 e-con-full e-grid e-con e-parent\" data-id=\"59b9847\" data-element_type=\"container\" data-e-type=\"container\">\n\t\t\t\t<div class=\"elementor-element elementor-element-961d8c8 elementor-widget elementor-widget-image\" data-id=\"961d8c8\" data-element_type=\"widget\" data-e-type=\"widget\" data-widget_type=\"image.default\">\n\t\t\t\t<div class=\"elementor-widget-container\">\n\t\t\t\t\t\t\t\t\t\t\t\t\t\t\t<img fetchpriority=\"high\" decoding=\"async\" width=\"289\" height=\"347\" src=\"https:\/\/pogotowieskawina.pl\/wp-content\/uploads\/2026\/01\/obraz_2026-01-22_085804019.png\" class=\"attachment-large size-large wp-image-2214\" alt=\"\" srcset=\"https:\/\/pogotowieskawina.pl\/wp-content\/uploads\/2026\/01\/obraz_2026-01-22_085804019.png 289w, https:\/\/pogotowieskawina.pl\/wp-content\/uploads\/2026\/01\/obraz_2026-01-22_085804019-250x300.png 250w\" sizes=\"(max-width: 289px) 100vw, 289px\" \/>\t\t\t\t\t\t\t\t\t\t\t\t\t\t\t<\/div>\n\t\t\t\t<\/div>\n\t\t\t\t<div class=\"elementor-element elementor-element-78e7221 elementor-widget elementor-widget-image\" data-id=\"78e7221\" data-element_type=\"widget\" data-e-type=\"widget\" data-widget_type=\"image.default\">\n\t\t\t\t<div class=\"elementor-widget-container\">\n\t\t\t\t\t\t\t\t\t\t\t\t\t\t\t<img decoding=\"async\" width=\"559\" height=\"347\" src=\"https:\/\/pogotowieskawina.pl\/wp-content\/uploads\/2026\/01\/obraz_2026-01-22_085651520.png\" class=\"attachment-large size-large wp-image-2212\" alt=\"\" srcset=\"https:\/\/pogotowieskawina.pl\/wp-content\/uploads\/2026\/01\/obraz_2026-01-22_085651520.png 559w, https:\/\/pogotowieskawina.pl\/wp-content\/uploads\/2026\/01\/obraz_2026-01-22_085651520-300x186.png 300w, https:\/\/pogotowieskawina.pl\/wp-content\/uploads\/2026\/01\/obraz_2026-01-22_085651520-370x230.png 370w\" sizes=\"(max-width: 559px) 100vw, 559px\" \/>\t\t\t\t\t\t\t\t\t\t\t\t\t\t\t<\/div>\n\t\t\t\t<\/div>\n\t\t\t\t<\/div>\n\t\t<div class=\"elementor-element elementor-element-d3449e7 e-flex e-con-boxed e-con e-parent\" data-id=\"d3449e7\" data-element_type=\"container\" data-e-type=\"container\">\n\t\t\t\t\t<div class=\"e-con-inner\">\n\t\t\t\t<div class=\"elementor-element elementor-element-822db36 elementor-widget elementor-widget-image\" data-id=\"822db36\" data-element_type=\"widget\" data-e-type=\"widget\" data-widget_type=\"image.default\">\n\t\t\t\t<div class=\"elementor-widget-container\">\n\t\t\t\t\t\t\t\t\t\t\t\t\t\t\t<img decoding=\"async\" width=\"768\" height=\"437\" src=\"https:\/\/pogotowieskawina.pl\/wp-content\/uploads\/2026\/01\/obraz_2026-01-22_085411721-768x437.png\" class=\"attachment-medium_large size-medium_large wp-image-2208\" alt=\"\" srcset=\"https:\/\/pogotowieskawina.pl\/wp-content\/uploads\/2026\/01\/obraz_2026-01-22_085411721-768x437.png 768w, https:\/\/pogotowieskawina.pl\/wp-content\/uploads\/2026\/01\/obraz_2026-01-22_085411721-300x171.png 300w, https:\/\/pogotowieskawina.pl\/wp-content\/uploads\/2026\/01\/obraz_2026-01-22_085411721-370x211.png 370w, https:\/\/pogotowieskawina.pl\/wp-content\/uploads\/2026\/01\/obraz_2026-01-22_085411721.png 942w\" sizes=\"(max-width: 768px) 100vw, 768px\" \/>\t\t\t\t\t\t\t\t\t\t\t\t\t\t\t<\/div>\n\t\t\t\t<\/div>\n\t\t\t\t<div class=\"elementor-element elementor-element-8ca0282 elementor-widget elementor-widget-heading\" data-id=\"8ca0282\" data-element_type=\"widget\" data-e-type=\"widget\" data-widget_type=\"heading.default\">\n\t\t\t\t<div class=\"elementor-widget-container\">\n\t\t\t\t\t<h2 class=\"elementor-heading-title elementor-size-default\">Dotacje z bud\u017cetu pa\u0144stwa<\/h2>\t\t\t\t<\/div>\n\t\t\t\t<\/div>\n\t\t\t\t<div class=\"elementor-element elementor-element-06ba204 elementor-widget-divider--view-line elementor-widget elementor-widget-divider\" data-id=\"06ba204\" data-element_type=\"widget\" data-e-type=\"widget\" data-widget_type=\"divider.default\">\n\t\t\t\t<div class=\"elementor-widget-container\">\n\t\t\t\t\t\t\t<div class=\"elementor-divider\">\n\t\t\t<span class=\"elementor-divider-separator\">\n\t\t\t\t\t\t<\/span>\n\t\t<\/div>\n\t\t\t\t\t\t<\/div>\n\t\t\t\t<\/div>\n\t\t\t\t<div class=\"elementor-element elementor-element-651dca5 elementor-widget elementor-widget-text-editor\" data-id=\"651dca5\" data-element_type=\"widget\" data-e-type=\"widget\" data-widget_type=\"text-editor.default\">\n\t\t\t\t<div class=\"elementor-widget-container\">\n\t\t\t\t\t\t\t\t\t<p data-start=\"566\" data-end=\"750\">Pogotowie Ratunkowe w Skawinie otrzyma\u0142o dotacj\u0119 na pokrycie wydatk\u00f3w inwestycyjnych oraz wydatk\u00f3w bie\u017c\u0105cych w ramach <strong data-start=\"684\" data-end=\"749\">Programu Ochrony Ludno\u015bci i Obrony Cywilnej na lata 2025\u20132026<\/strong>.<\/p><h3 data-start=\"752\" data-end=\"776\">Wydatki inwestycyjne<\/h3><p data-start=\"778\" data-end=\"984\">W ramach \u015brodk\u00f3w przeznaczonych na wydatki inwestycyjne zakupiono <strong data-start=\"844\" data-end=\"927\">terenowy ambulans ratunkowy 4&#215;4 wraz ze specjalistycznym wyposa\u017ceniem medycznym<\/strong>, przeznaczony do obs\u0142ugi zespo\u0142u ratownictwa medycznego.<\/p><p data-start=\"986\" data-end=\"1027\">Zakres zakupionego wyposa\u017cenia obejmowa\u0142:<\/p><ul data-start=\"1028\" data-end=\"1221\"><li data-start=\"1028\" data-end=\"1052\"><p data-start=\"1030\" data-end=\"1052\">defibrylator \u2013 1 szt.,<\/p><\/li><li data-start=\"1053\" data-end=\"1075\"><p data-start=\"1055\" data-end=\"1075\">respirator \u2013 1 szt.,<\/p><\/li><li data-start=\"1076\" data-end=\"1103\"><p data-start=\"1078\" data-end=\"1103\">pomp\u0119 infuzyjn\u0105 \u2013 1 szt.,<\/p><\/li><li data-start=\"1104\" data-end=\"1166\"><p data-start=\"1106\" data-end=\"1166\">aparat do mechanicznej kompresji klatki piersiowej \u2013 1 szt.,<\/p><\/li><li data-start=\"1167\" data-end=\"1221\"><p data-start=\"1169\" data-end=\"1221\">krzese\u0142ko transportowe z systemem schodowym \u2013 1 szt.<\/p><\/li><\/ul><p data-start=\"1223\" data-end=\"1496\">Zakup ambulansu oraz wyposa\u017cenia zosta\u0142 w ca\u0142o\u015bci sfinansowany z <strong data-start=\"1288\" data-end=\"1307\">bud\u017cetu pa\u0144stwa<\/strong> w kwocie <strong data-start=\"1317\" data-end=\"1334\">937 963,19 z\u0142<\/strong>, na podstawie umowy o udzielenie dotacji celowej na realizacj\u0119 zadania pn.<br data-start=\"1409\" data-end=\"1412\" \/><strong data-start=\"1412\" data-end=\"1457\">\u201eRealizacja zada\u0144 OLiOC w Gminie Skawina\u201d<\/strong>, zawartej w dniu <strong data-start=\"1475\" data-end=\"1496\">1 grudnia 2025 r.<\/strong><\/p><p data-start=\"1498\" data-end=\"1825\">Zakup nowoczesnego ambulansu ratunkowego 4&#215;4 oraz specjalistycznego sprz\u0119tu medycznego znacz\u0105co wzmocni\u0142 potencja\u0142 operacyjny Pogotowia Ratunkowego w Skawinie, umo\u017cliwiaj\u0105c skuteczne prowadzenie dzia\u0142a\u0144 ratowniczych w warunkach utrudnionego dost\u0119pu, podczas zdarze\u0144 masowych, kl\u0119sk \u017cywio\u0142owych oraz innych sytuacji kryzysowych.<\/p><h3 data-start=\"1827\" data-end=\"1846\">Wydatki bie\u017c\u0105ce<\/h3><p data-start=\"1848\" data-end=\"2025\">W ramach \u015brodk\u00f3w przeznaczonych na wydatki bie\u017c\u0105ce zakupiono specjalistyczny sprz\u0119t oraz przeprowadzono szkolenia z zakresu CBRNE dla personelu Pogotowia Ratunkowego w Skawinie.<\/p><p data-start=\"2027\" data-end=\"2054\">Zakupiony sprz\u0119t obejmowa\u0142:<\/p><ul data-start=\"2055\" data-end=\"2309\"><li data-start=\"2055\" data-end=\"2076\"><p data-start=\"2057\" data-end=\"2076\">dozymetry osobiste,<\/p><\/li><li data-start=\"2077\" data-end=\"2102\"><p data-start=\"2079\" data-end=\"2102\">kombinezony izolacyjne,<\/p><\/li><li data-start=\"2103\" data-end=\"2125\"><p data-start=\"2105\" data-end=\"2125\">maski pe\u0142notwarzowe,<\/p><\/li><li data-start=\"2126\" data-end=\"2156\"><p data-start=\"2128\" data-end=\"2156\">filtropoch\u0142aniacze do masek,<\/p><\/li><li data-start=\"2157\" data-end=\"2184\"><p data-start=\"2159\" data-end=\"2184\">detektory promieniowania,<\/p><\/li><li data-start=\"2185\" data-end=\"2234\"><p data-start=\"2187\" data-end=\"2234\">nosze ewakuacyjne do transportu poszkodowanych,<\/p><\/li><li data-start=\"2235\" data-end=\"2259\"><p data-start=\"2237\" data-end=\"2259\">r\u0119kawice chemoodporne,<\/p><\/li><li data-start=\"2260\" data-end=\"2309\"><p data-start=\"2262\" data-end=\"2309\">myjki ci\u015bnieniowe do dekontaminacji ambulans\u00f3w.<\/p><\/li><\/ul><p data-start=\"2311\" data-end=\"2595\">Zakup sprz\u0119tu oraz realizacja szkole\u0144 zosta\u0142 w ca\u0142o\u015bci sfinansowany z <strong data-start=\"2381\" data-end=\"2400\">bud\u017cetu pa\u0144stwa<\/strong> na \u0142\u0105czn\u0105 kwot\u0119 <strong data-start=\"2417\" data-end=\"2433\">73 994,90 z\u0142<\/strong>, na podstawie umowy o udzielenie dotacji celowej na realizacj\u0119 zadania pn.<br data-start=\"2508\" data-end=\"2511\" \/><strong data-start=\"2511\" data-end=\"2556\">\u201eRealizacja zada\u0144 OLiOC w Gminie Skawina\u201d<\/strong>, zawartej w dniu <strong data-start=\"2574\" data-end=\"2595\">1 grudnia 2025 r.<\/strong><\/p><p>\u00a0<\/p><p data-start=\"2597\" data-end=\"2872\">Realizacja zadania przyczyni\u0142a si\u0119 do podniesienia poziomu bezpiecze\u0144stwa personelu medycznego oraz zwi\u0119kszenia gotowo\u015bci operacyjnej zespo\u0142\u00f3w ratownictwa medycznego w zakresie reagowania na zagro\u017cenia CBRNE, zgodnie z za\u0142o\u017ceniami Programu Ochrony Ludno\u015bci i Obrony Cywilnej.<\/p>\t\t\t\t\t\t\t\t<\/div>\n\t\t\t\t<\/div>\n\t\t\t\t\t<\/div>\n\t\t\t\t<\/div>\n\t\t<div class=\"elementor-element elementor-element-20172fb e-con-full e-flex e-con e-parent\" data-id=\"20172fb\" data-element_type=\"container\" data-e-type=\"container\">\n\t\t\t\t<\/div>\n\t\t<div class=\"elementor-element elementor-element-769cf9d e-flex e-con-boxed e-con e-parent\" data-id=\"769cf9d\" data-element_type=\"container\" data-e-type=\"container\">\n\t\t\t\t\t<div class=\"e-con-inner\">\n\t\t\t\t\t<\/div>\n\t\t\t\t<\/div>\n\t\t\t\t<\/div>\n\t\t","protected":false},"excerpt":{"rendered":"<p>Dotacje z bud\u017cetu pa\u0144stwa Pogotowie Ratunkowe w Skawinie otrzyma\u0142o dotacj\u0119 na pokrycie wydatk\u00f3w inwestycyjnych oraz[&#8230;]<\/p>\n","protected":false},"author":5,"featured_media":0,"parent":0,"menu_order":0,"comment_status":"closed","ping_status":"closed","template":"","meta":{"_crdt_document":"","footnotes":""},"class_list":["post-2187","page","type-page","status-publish","hentry"],"_links":{"self":[{"href":"https:\/\/pogotowieskawina.pl\/index.php\/wp-json\/wp\/v2\/pages\/2187","targetHints":{"allow":["GET"]}}],"collection":[{"href":"https:\/\/pogotowieskawina.pl\/index.php\/wp-json\/wp\/v2\/pages"}],"about":[{"href":"https:\/\/pogotowieskawina.pl\/index.php\/wp-json\/wp\/v2\/types\/page"}],"author":[{"embeddable":true,"href":"https:\/\/pogotowieskawina.pl\/index.php\/wp-json\/wp\/v2\/users\/5"}],"replies":[{"embeddable":true,"href":"https:\/\/pogotowieskawina.pl\/index.php\/wp-json\/wp\/v2\/comments?post=2187"}],"version-history":[{"count":16,"href":"https:\/\/pogotowieskawina.pl\/index.php\/wp-json\/wp\/v2\/pages\/2187\/revisions"}],"predecessor-version":[{"id":2218,"href":"https:\/\/pogotowieskawina.pl\/index.php\/wp-json\/wp\/v2\/pages\/2187\/revisions\/2218"}],"wp:attachment":[{"href":"https:\/\/pogotowieskawina.pl\/index.php\/wp-json\/wp\/v2\/media?parent=2187"}],"curies":[{"name":"wp","href":"https:\/\/api.w.org\/{rel}","templated":true}]}}