{"id":21,"date":"2020-01-27T18:57:44","date_gmt":"2020-01-27T17:57:44","guid":{"rendered":"http:\/\/pogotowieskawina.pl\/?page_id=21"},"modified":"2025-06-18T06:53:45","modified_gmt":"2025-06-18T04:53:45","slug":"dla-pacjenta","status":"publish","type":"page","link":"https:\/\/pogotowieskawina.pl\/index.php\/dla-pacjenta\/","title":{"rendered":"DLA PACJENTA"},"content":{"rendered":"\t\t<div data-elementor-type=\"wp-page\" data-elementor-id=\"21\" class=\"elementor elementor-21\">\n\t\t\t\t\t\t<section class=\"elementor-section elementor-top-section elementor-element elementor-element-5c84b33 elementor-section-boxed elementor-section-height-default elementor-section-height-default\" data-id=\"5c84b33\" data-element_type=\"section\" data-e-type=\"section\">\n\t\t\t\t\t\t<div class=\"elementor-container elementor-column-gap-default\">\n\t\t\t\t\t<header class=\"elementor-column elementor-col-100 elementor-top-column elementor-element elementor-element-d3d46fd\" data-id=\"d3d46fd\" data-element_type=\"column\" data-e-type=\"column\">\n\t\t\t<div class=\"elementor-widget-wrap elementor-element-populated\">\n\t\t\t\t\t\t<div class=\"elementor-element elementor-element-534aaab elementor-widget elementor-widget-heading\" data-id=\"534aaab\" data-element_type=\"widget\" data-e-type=\"widget\" data-widget_type=\"heading.default\">\n\t\t\t\t<div class=\"elementor-widget-container\">\n\t\t\t\t\t<h2 class=\"elementor-heading-title elementor-size-default\">DLA PACJENTA<\/h2>\t\t\t\t<\/div>\n\t\t\t\t<\/div>\n\t\t\t\t<div class=\"elementor-element elementor-element-02c7d64 elementor-widget-divider--view-line_icon elementor-view-default elementor-widget-divider--element-align-center elementor-widget elementor-widget-divider\" data-id=\"02c7d64\" data-element_type=\"widget\" data-e-type=\"widget\" data-widget_type=\"divider.default\">\n\t\t\t\t<div class=\"elementor-widget-container\">\n\t\t\t\t\t\t\t<div class=\"elementor-divider\">\n\t\t\t<span class=\"elementor-divider-separator\">\n\t\t\t\t\t\t\t<div class=\"elementor-icon elementor-divider__element\">\n\t\t\t\t\t<svg aria-hidden=\"true\" class=\"e-font-icon-svg e-fas-ambulance\" viewBox=\"0 0 640 512\" xmlns=\"http:\/\/www.w3.org\/2000\/svg\"><path d=\"M624 352h-16V243.9c0-12.7-5.1-24.9-14.1-33.9L494 110.1c-9-9-21.2-14.1-33.9-14.1H416V48c0-26.5-21.5-48-48-48H48C21.5 0 0 21.5 0 48v320c0 26.5 21.5 48 48 48h16c0 53 43 96 96 96s96-43 96-96h128c0 53 43 96 96 96s96-43 96-96h48c8.8 0 16-7.2 16-16v-32c0-8.8-7.2-16-16-16zM160 464c-26.5 0-48-21.5-48-48s21.5-48 48-48 48 21.5 48 48-21.5 48-48 48zm144-248c0 4.4-3.6 8-8 8h-56v56c0 4.4-3.6 8-8 8h-48c-4.4 0-8-3.6-8-8v-56h-56c-4.4 0-8-3.6-8-8v-48c0-4.4 3.6-8 8-8h56v-56c0-4.4 3.6-8 8-8h48c4.4 0 8 3.6 8 8v56h56c4.4 0 8 3.6 8 8v48zm176 248c-26.5 0-48-21.5-48-48s21.5-48 48-48 48 21.5 48 48-21.5 48-48 48zm80-208H416V144h44.1l99.9 99.9V256z\"><\/path><\/svg><\/div>\n\t\t\t\t\t\t<\/span>\n\t\t<\/div>\n\t\t\t\t\t\t<\/div>\n\t\t\t\t<\/div>\n\t\t\t\t\t<\/div>\n\t\t<\/header>\n\t\t\t\t\t<\/div>\n\t\t<\/section>\n\t\t\t\t<section class=\"elementor-section elementor-top-section elementor-element elementor-element-e05871d elementor-section-boxed elementor-section-height-default elementor-section-height-default\" data-id=\"e05871d\" data-element_type=\"section\" data-e-type=\"section\">\n\t\t\t\t\t\t<div class=\"elementor-container elementor-column-gap-default\">\n\t\t\t\t\t<div class=\"elementor-column elementor-col-100 elementor-top-column elementor-element elementor-element-73a6cc1\" data-id=\"73a6cc1\" data-element_type=\"column\" data-e-type=\"column\">\n\t\t\t<div class=\"elementor-widget-wrap elementor-element-populated\">\n\t\t\t\t\t\t<div class=\"elementor-element elementor-element-7ad9e3e elementor-widget elementor-widget-toggle\" data-id=\"7ad9e3e\" data-element_type=\"widget\" data-e-type=\"widget\" data-widget_type=\"toggle.default\">\n\t\t\t\t<div class=\"elementor-widget-container\">\n\t\t\t\t\t\t\t<div class=\"elementor-toggle\">\n\t\t\t\t\t\t\t<div class=\"elementor-toggle-item\">\n\t\t\t\t\t<div id=\"elementor-tab-title-1281\" class=\"elementor-tab-title\" data-tab=\"1\" role=\"button\" aria-controls=\"elementor-tab-content-1281\" aria-expanded=\"false\">\n\t\t\t\t\t\t\t\t\t\t\t\t<span class=\"elementor-toggle-icon elementor-toggle-icon-right\" aria-hidden=\"true\">\n\t\t\t\t\t\t\t\t\t\t\t\t\t\t\t<span class=\"elementor-toggle-icon-closed\"><svg class=\"e-font-icon-svg e-fas-angle-double-down\" viewBox=\"0 0 320 512\" xmlns=\"http:\/\/www.w3.org\/2000\/svg\"><path d=\"M143 256.3L7 120.3c-9.4-9.4-9.4-24.6 0-33.9l22.6-22.6c9.4-9.4 24.6-9.4 33.9 0l96.4 96.4 96.4-96.4c9.4-9.4 24.6-9.4 33.9 0L313 86.3c9.4 9.4 9.4 24.6 0 33.9l-136 136c-9.4 9.5-24.6 9.5-34 .1zm34 192l136-136c9.4-9.4 9.4-24.6 0-33.9l-22.6-22.6c-9.4-9.4-24.6-9.4-33.9 0L160 352.1l-96.4-96.4c-9.4-9.4-24.6-9.4-33.9 0L7 278.3c-9.4 9.4-9.4 24.6 0 33.9l136 136c9.4 9.5 24.6 9.5 34 .1z\"><\/path><\/svg><\/span>\n\t\t\t\t\t\t\t\t<span class=\"elementor-toggle-icon-opened\"><svg class=\"elementor-toggle-icon-opened e-font-icon-svg e-fas-angle-up\" viewBox=\"0 0 320 512\" xmlns=\"http:\/\/www.w3.org\/2000\/svg\"><path d=\"M177 159.7l136 136c9.4 9.4 9.4 24.6 0 33.9l-22.6 22.6c-9.4 9.4-24.6 9.4-33.9 0L160 255.9l-96.4 96.4c-9.4 9.4-24.6 9.4-33.9 0L7 329.7c-9.4-9.4-9.4-24.6 0-33.9l136-136c9.4-9.5 24.6-9.5 34-.1z\"><\/path><\/svg><\/span>\n\t\t\t\t\t\t\t\t\t\t\t\t\t<\/span>\n\t\t\t\t\t\t\t\t\t\t\t\t<a class=\"elementor-toggle-title\" tabindex=\"0\">DOKUMENTACJA MEDYCZNA<\/a>\n\t\t\t\t\t<\/div>\n\n\t\t\t\t\t<div id=\"elementor-tab-content-1281\" class=\"elementor-tab-content elementor-clearfix\" data-tab=\"1\" role=\"region\" aria-labelledby=\"elementor-tab-title-1281\"><h3><b>Dokumentacja medyczna jest udost\u0119pniana:<\/b><\/h3><ul><li><h4><span class=\"js-text-content content-block\">Pacjentowi, kt\u00f3rego ona dotyczy, na podstawie dokumentu to\u017csamo\u015bci (dow\u00f3d osobisty, paszport).<\/span><\/h4><\/li><li><h4><span class=\"js-text-content content-block\">Osobie upowa\u017cnionej przez pacjenta, na podstawie pisemnego upowa\u017cnienia.<\/span><\/h4><\/li><li><h4><span class=\"js-text-content content-block\">Przedstawicielom ustawowym pacjenta :<br \/>&#8211; rodzicom \u2013 na podstawie dokumentu to\u017csamo\u015bci,<br \/>&#8211; opiekunom prawnym \u2013 na podstawie odpowiednich dokument\u00f3w oraz dowodu to\u017csamo\u015bci.<\/span><\/h4><\/li><li><h4><span class=\"js-text-content content-block\">Innym, uprawionym organom publicznym i instytucjom. <\/span><\/h4><\/li><\/ul><h3><strong>Jak uzyska\u0107 dokumentacj\u0119 medyczn\u0105?<\/strong><\/h3><ol><li><h4><span class=\"js-text-content content-block\"><span class=\"js-text-content content-block\">Pobierz i Wype\u0142nij wniosek. Mo\u017cesz pobra\u0107 <a href=\"https:\/\/pogotowieskawina.pl\/wp-content\/uploads\/2025\/06\/Wniosek-o-udostepnienie-dokumentacji-medycznej-1.docx\"><span style=\"color: #ff0000;\">tu<\/span><\/a> lub otrzyma\u0107 w siedzibie Pogotowia Ratunkowego ul. Niepodleg\u0142o\u015bci 12 pi\u0119tro I &#8211; Administracja.<\/span><\/span><\/h4><\/li><li><h4>Je\u017celi chcesz uzyska\u0107 dokumentacj\u0119 cz\u0142onka rodziny potrzebne b\u0119dzie upowa\u017cnienie. Mo\u017cesz pobra\u0107<\/h4><h4><a href=\"https:\/\/pogotowieskawina.pl\/wp-content\/uploads\/2025\/06\/Upowaznienie-do-wydania-dokumentacji-medycznej-1.docx\"><span style=\"color: #ff0000;\">tu<\/span><\/a><\/h4><h4>lub otrzyma\u0107 w siedzibie Pogotowia Ratunkowego ul. Niepodleg\u0142o\u015bci 12 pi\u0119tro I &#8211; Administracja.<\/h4><\/li><li><h4>Z wype\u0142nionymi dokumentami zg\u0142o\u015b si\u0119 do siedziby Pogotowia Ratunkowego w Skawinie ul. Niepodleg\u0142o\u015bci 12 pi\u0119tro I &#8211; Administracja. (Mo\u017cesz tak\u017ce wype\u0142ni\u0107 wszystkie potrzebne dokumenty na miejscu)<\/h4><\/li><li><h4>Dokumentacj\u0119 medyczn\u0105 wydajemy tak szybko jak tylko jest to mo\u017cliwe.<\/h4><\/li><li><h4>Za wykonanie odpisu, wyci\u0105gu lub kopii dokumentacji nie pobieramy op\u0142at.<\/h4><\/li><li><h4>Je\u015bli masz jakie\u015b pytania lub w\u0105tpliwo\u015bci prosimy zadzwo\u0144 do nas tel: 12 276 09 31 godz.8-15<\/h4><\/li><\/ol><h3><strong>Klauzula informacyjna dotycz\u0105ca Kart Medycznych Czynno\u015bci Ratunkowych sporz\u0105dzanych w postaci papierowej w przypadku awarii Systemu SWD PRM:<\/strong><\/h3><ol><li><h4>Informujemy, \u017ce w przypadku awarii Systemu Wspomagania Dowodzenia Pa\u0144stwowego Ratownictwa Medycznego (dalej \u201eSWD PRM\u201d) w rozumieniu art. 3 pkt 15 ustawy z dnia 8 wrze\u015bnia 2006r. o Pa\u0144stwowym Ratownictwie Medycznym, karty medycznych czynno\u015bci ratunkowych sporz\u0105dzane przez zespo\u0142y ratownictwa<\/h4><h4>medycznego w postaci papierowej podlegaj\u0105 digitalizacji zgodnie z art.13b ust.1-3 ustawy z dnia 28 kwietnia 2011 o systemie informacji o ochronie zdrowia.<\/h4><\/li><li><h4>Digitalizacja polega na odwzorowaniu tre\u015bci wpis\u00f3w dokonanych w postaci papierowej dokumentu i nadaniu mu postaci elektronicznej w SWD PRM. Dokument w postaci elektronicznej powsta\u0142y w wyniku tak dokonanej<\/h4><h4>digitalizacji jest r\u00f3wnowa\u017cny orygina\u0142owi tego dokumentu.<\/h4><\/li><li><h4>Digitalizacja postaci papierowej karty medycznych czynno\u015bci ratunkowych nast\u0119puje niezw\u0142ocznie po uzyskaniu funkcjonalno\u015bci systemu SWD PRM umo\u017cliwiaj\u0105cych jej dokonanie, a najdalej do ostatniego dnia miesi\u0105ca nast\u0119puj\u0105cego po dacie sporz\u0105dzenia tego dokumentu w postaci papierowej.<\/h4><\/li><li><h4>Pacjentowi, jego przedstawicielowi ustawowemu lub osobie przez niego upowa\u017cnionej, a po \u015bmierci pacjenta \u2013 tak\u017ce osobie bliskiej na zasadach okre\u015blonych w ustawie z dnia 6 listopada 2008r. o prawach pacjenta i Rzeczniku Praw Pacjenta, przys\u0142uguje prawo odbioru postaci papierowej dokumentu przez okres minimum 1 roku od chwili przekazania wraz z kart\u0105 medycznych czynno\u015bci ratunkowych informacji o digitalizacji, a najdalej do ostatniego dnia kolejnego miesi\u0105ca nast\u0119puj\u0105cego po up\u0142ywie 1 roku od chwili sporz\u0105dzenia postaci papierowej tego dokumentu.<\/h4><\/li><li><h4>W zwi\u0105zku z powy\u017cszym, po dokonaniu digitalizacji postaci papierowej karty medycznych czynno\u015bci ratunkowych, w razie braku jej odbioru przez osoby wskazane w pkt.4 powy\u017cej Pogotowie Ratunkowe w Skawinie dokonuje jej zniszczenia w spos\u00f3b uniemo\u017cliwiaj\u0105cy identyfikacj\u0119 zawartych w niej danych. W\u00f3wczas odtworzenie wpis\u00f3w w tre\u015bci sporz\u0105dzonej karty medycznych czynno\u015bci ratunkowych nadal b\u0119dzie mo\u017cliwe m.in. poprzez generowanie wydruku dokumentu z postaci elektronicznej tego dokumentu umieszczonej w systemie SWD PRM.<\/h4><\/li><li><h4>Szczeg\u00f3\u0142owe informacje dotycz\u0105ce zasad wydawania dokumentacji medycznej w Pogotowiu Ratunkowym w Skawinie dost\u0119pne s\u0105 na stronie internetowej pod adresem <a href=\"http:\/\/www.pogotowieskawina.pl\">pogotowieskawina.pl<\/a><\/h4><\/li><\/ol><h4><strong><span style=\"text-decoration: underline;\">Podstawa prawna:<\/span><\/strong><\/h4><ol><li><h4>rozporz\u0105dzenie Ministra Zdrowia z dnia 6 kwietnia 2020 r. w sprawie rodzaj\u00f3w, zakresu i wzor\u00f3w<\/h4><h4>dokumentacji medycznej oraz sposobu jej przetwarzania (tj. Dz.U. 2022.1304 z p\u00f3\u017an. zm.),<\/h4><\/li><li><h4>Ustawa z dnia 28 kwietnia 2011 r. o systemie informacji w ochronie zdrowia (tj. Dz.U.2023.2464 z p\u00f3\u017an. zm.)<\/h4><\/li><\/ol><\/div>\n\t\t\t\t<\/div>\n\t\t\t\t\t\t\t<div class=\"elementor-toggle-item\">\n\t\t\t\t\t<div id=\"elementor-tab-title-1282\" class=\"elementor-tab-title\" data-tab=\"2\" role=\"button\" aria-controls=\"elementor-tab-content-1282\" aria-expanded=\"false\">\n\t\t\t\t\t\t\t\t\t\t\t\t<span class=\"elementor-toggle-icon elementor-toggle-icon-right\" aria-hidden=\"true\">\n\t\t\t\t\t\t\t\t\t\t\t\t\t\t\t<span class=\"elementor-toggle-icon-closed\"><svg class=\"e-font-icon-svg e-fas-angle-double-down\" viewBox=\"0 0 320 512\" xmlns=\"http:\/\/www.w3.org\/2000\/svg\"><path d=\"M143 256.3L7 120.3c-9.4-9.4-9.4-24.6 0-33.9l22.6-22.6c9.4-9.4 24.6-9.4 33.9 0l96.4 96.4 96.4-96.4c9.4-9.4 24.6-9.4 33.9 0L313 86.3c9.4 9.4 9.4 24.6 0 33.9l-136 136c-9.4 9.5-24.6 9.5-34 .1zm34 192l136-136c9.4-9.4 9.4-24.6 0-33.9l-22.6-22.6c-9.4-9.4-24.6-9.4-33.9 0L160 352.1l-96.4-96.4c-9.4-9.4-24.6-9.4-33.9 0L7 278.3c-9.4 9.4-9.4 24.6 0 33.9l136 136c9.4 9.5 24.6 9.5 34 .1z\"><\/path><\/svg><\/span>\n\t\t\t\t\t\t\t\t<span class=\"elementor-toggle-icon-opened\"><svg class=\"elementor-toggle-icon-opened e-font-icon-svg e-fas-angle-up\" viewBox=\"0 0 320 512\" xmlns=\"http:\/\/www.w3.org\/2000\/svg\"><path d=\"M177 159.7l136 136c9.4 9.4 9.4 24.6 0 33.9l-22.6 22.6c-9.4 9.4-24.6 9.4-33.9 0L160 255.9l-96.4 96.4c-9.4 9.4-24.6 9.4-33.9 0L7 329.7c-9.4-9.4-9.4-24.6 0-33.9l136-136c9.4-9.5 24.6-9.5 34-.1z\"><\/path><\/svg><\/span>\n\t\t\t\t\t\t\t\t\t\t\t\t\t<\/span>\n\t\t\t\t\t\t\t\t\t\t\t\t<a class=\"elementor-toggle-title\" tabindex=\"0\">KIEDY WEZWA\u0106 POGOTOWIE RATUNKOWE?<\/a>\n\t\t\t\t\t<\/div>\n\n\t\t\t\t\t<div id=\"elementor-tab-content-1282\" class=\"elementor-tab-content elementor-clearfix\" data-tab=\"2\" role=\"region\" aria-labelledby=\"elementor-tab-title-1282\"><h4><span class=\"wysiwyg-font-size-xx-large\"><b> Kiedy wezwa\u0107 Pogotowie <\/b><\/span><span class=\"wysiwyg-font-size-xx-large\"><b>lub <\/b><\/span><span class=\"wysiwyg-font-size-xx-large\"><b>uda\u0107 si\u0119 do Szpitalnego Oddzia\u0142u Ratunkowego? <\/b><\/span><\/h4><h4><span class=\"wysiwyg-font-size-large\"><b>Wezwanie Pogotowia Ratunkowego lub wizyta w <\/b><\/span><span class=\"wysiwyg-font-size-large\"><b>SOR<\/b><\/span><span class=\"wysiwyg-font-size-large\"><b> <br \/><\/b><\/span><\/h4><h4><span class=\"wysiwyg-font-size-large\"><b>powinny mie\u0107 miejsce wy\u0142\u0105cznie w sytuacjach bezpo\u015bredniego zagro\u017cenia \u017cycia<\/b><\/span><\/h4><h4><span class=\"wysiwyg-font-size-large\"><b> lub stanach nag\u0142ych mog\u0105cych prowadzi\u0107 do <\/b><\/span><span class=\"wysiwyg-font-size-large\"><b>istotnego uszczerbku zdrowia.<\/b><\/span><\/h4><h4 class=\"font_6\"><span class=\"wysiwyg-font-size-medium\"><b>Sugerowa\u0107 je mo\u017ce obecno\u015b\u0107 jednego z poni\u017cszych objaw\u00f3w: <\/b><\/span><\/h4><h4 class=\"font_6\"><span class=\"wysiwyg-font-size-medium\">\u00a0<\/span>Utrata przytomno\u015bci<\/h4><ul><li><h4 class=\"font_6\"><span class=\"wysiwyg-font-size-small\">Zaburzenia \u015bwiadomo\u015bci<\/span><\/h4><\/li><li><h4 class=\"font_6\"><span class=\"wysiwyg-font-size-small\">Drgawki<\/span><\/h4><\/li><li><h4 class=\"font_6\"><span class=\"wysiwyg-font-size-small\">Nag\u0142y, ostry b\u00f3l w klatce piersiowej<\/span><\/h4><\/li><li><h4 class=\"font_6\"><span class=\"wysiwyg-font-size-small\">Zaburzenia rytmu serca<\/span><\/h4><\/li><li><h4 class=\"font_6\"><span class=\"wysiwyg-font-size-small\">Nasilona duszno\u015b\u0107<\/span><\/h4><\/li><li><h4 class=\"font_6\"><span class=\"wysiwyg-font-size-small\">Nag\u0142y ostry b\u00f3l brzucha<\/span><\/h4><\/li><li><h4 class=\"font_6\"><span class=\"wysiwyg-font-size-small\">Uporczywe wymioty, zw\u0142aszcza z domieszk\u0105 krwi<\/span><\/h4><\/li><li><h4 class=\"font_6\"><span class=\"wysiwyg-font-size-small\">Masywny krwotok z dolnego odcinka przewodu pokarmowego<\/span><\/h4><\/li><li><h4 class=\"font_6\"><span class=\"wysiwyg-font-size-small\">Masywny krwotok z dr\u00f3g rodnych<\/span><\/h4><\/li><li><h4 class=\"font_6\"><span class=\"wysiwyg-font-size-small\">Gwa\u0142townie post\u0119puj\u0105cy por\u00f3d<\/span><\/h4><\/li><li><h4 class=\"font_6\"><span class=\"wysiwyg-font-size-small\">Ostre i nasilone reakcje uczuleniowe (wysypka, duszno\u015b\u0107) b\u0119d\u0105ce efektem za\u017cycia leku, uk\u0105szenia, czy u\u017c\u0105dlenia przez jadowite zwierz\u0119ta<\/span><\/h4><\/li><li><h4 class=\"font_6\"><span class=\"wysiwyg-font-size-small\">Zatrucia lekami, \u015brodkami chemicznymi czy gazami<\/span><\/h4><\/li><li><h4 class=\"font_6\"><span class=\"wysiwyg-font-size-small\">Rozleg\u0142e oparzenia<\/span><\/h4><\/li><li><h4 class=\"font_6\"><span class=\"wysiwyg-font-size-small\">Udar cieplny<\/span><\/h4><\/li><li><h4 class=\"font_6\"><span class=\"wysiwyg-font-size-small\">Wyzi\u0119bienie organizmu<\/span><\/h4><\/li><li><h4 class=\"font_6\"><span class=\"wysiwyg-font-size-small\">Pora\u017cenie pr\u0105dem<\/span><\/h4><\/li><li><h4 class=\"font_6\"><span class=\"wysiwyg-font-size-small\">Podtopienie lub utoniecie<\/span><\/h4><\/li><li><h4 class=\"font_6\"><span class=\"wysiwyg-font-size-small\">Agresja spowodowana chorob\u0105 psychiczn\u0105<\/span><\/h4><\/li><li><h4 class=\"font_6\"><span class=\"wysiwyg-font-size-small\">Dokonana pr\u00f3ba samob\u00f3jcza<\/span><\/h4><\/li><li><h4 class=\"font_6\"><span class=\"wysiwyg-font-size-small\">Upadek z du\u017cej wysoko\u015bciRozleg\u0142a rana, b\u0119d\u0105ca efektem urazu Urazy ko\u0144czyny dolnej, uniemo\u017cliwiaj\u0105ce samodzielne poruszanie si\u0119 <\/span><\/h4><\/li><\/ul><h4 class=\"font_6\"><span class=\"wysiwyg-font-size-medium\">\u00a0<\/span><\/h4><h4 class=\"font_6\"><span class=\"wysiwyg-font-size-medium\"><b>W ramach dzia\u0142a\u0144 Pogotowia i SOR nie mo\u017cna uzyska\u0107: <\/b><\/span><\/h4><h4 class=\"font_6\"><span class=\"wysiwyg-font-size-medium\">\u00a0<\/span><\/h4><ul><li><h4 class=\"font_6\"><span class=\"wysiwyg-font-size-small\">Wizyty kontrolnej w zwi\u0105zku z wcze\u015bniej rozpocz\u0119tym leczeniem<\/span><\/h4><\/li><li><h4 class=\"font_6\"><span class=\"wysiwyg-font-size-small\">Recepty na stosowane stale leki w zwi\u0105zku ze schorzeniem przewlek\u0142ymi<\/span><\/h4><\/li><li><h4 class=\"font_6\"><span class=\"wysiwyg-font-size-small\">Rutynowego za\u015bwiadczenia o stanie zdrowia<\/span><\/h4><\/li><li><h4 class=\"font_6\"><span class=\"wysiwyg-font-size-small\">Skierownia do specjalisty<\/span><\/h4><\/li><li><h4 class=\"font_6\"><span class=\"wysiwyg-font-size-small\">Bada\u0144 dodatkowych i konsultacji specjalistycznych, zaleconych przez lekarza lecz\u0105cego<\/span><\/h4><\/li><\/ul><\/div>\n\t\t\t\t<\/div>\n\t\t\t\t\t\t\t<div class=\"elementor-toggle-item\">\n\t\t\t\t\t<div id=\"elementor-tab-title-1283\" class=\"elementor-tab-title\" data-tab=\"3\" role=\"button\" aria-controls=\"elementor-tab-content-1283\" aria-expanded=\"false\">\n\t\t\t\t\t\t\t\t\t\t\t\t<span class=\"elementor-toggle-icon elementor-toggle-icon-right\" aria-hidden=\"true\">\n\t\t\t\t\t\t\t\t\t\t\t\t\t\t\t<span class=\"elementor-toggle-icon-closed\"><svg class=\"e-font-icon-svg e-fas-angle-double-down\" viewBox=\"0 0 320 512\" xmlns=\"http:\/\/www.w3.org\/2000\/svg\"><path d=\"M143 256.3L7 120.3c-9.4-9.4-9.4-24.6 0-33.9l22.6-22.6c9.4-9.4 24.6-9.4 33.9 0l96.4 96.4 96.4-96.4c9.4-9.4 24.6-9.4 33.9 0L313 86.3c9.4 9.4 9.4 24.6 0 33.9l-136 136c-9.4 9.5-24.6 9.5-34 .1zm34 192l136-136c9.4-9.4 9.4-24.6 0-33.9l-22.6-22.6c-9.4-9.4-24.6-9.4-33.9 0L160 352.1l-96.4-96.4c-9.4-9.4-24.6-9.4-33.9 0L7 278.3c-9.4 9.4-9.4 24.6 0 33.9l136 136c9.4 9.5 24.6 9.5 34 .1z\"><\/path><\/svg><\/span>\n\t\t\t\t\t\t\t\t<span class=\"elementor-toggle-icon-opened\"><svg class=\"elementor-toggle-icon-opened e-font-icon-svg e-fas-angle-up\" viewBox=\"0 0 320 512\" xmlns=\"http:\/\/www.w3.org\/2000\/svg\"><path d=\"M177 159.7l136 136c9.4 9.4 9.4 24.6 0 33.9l-22.6 22.6c-9.4 9.4-24.6 9.4-33.9 0L160 255.9l-96.4 96.4c-9.4 9.4-24.6 9.4-33.9 0L7 329.7c-9.4-9.4-9.4-24.6 0-33.9l136-136c9.4-9.5 24.6-9.5 34-.1z\"><\/path><\/svg><\/span>\n\t\t\t\t\t\t\t\t\t\t\t\t\t<\/span>\n\t\t\t\t\t\t\t\t\t\t\t\t<a class=\"elementor-toggle-title\" tabindex=\"0\">PRAWA PACJENTA<\/a>\n\t\t\t\t\t<\/div>\n\n\t\t\t\t\t<div id=\"elementor-tab-content-1283\" class=\"elementor-tab-content elementor-clearfix\" data-tab=\"3\" role=\"region\" aria-labelledby=\"elementor-tab-title-1283\"><h3><strong><a href=\"http:\/\/prawo.sejm.gov.pl\/isap.nsf\/download.xsp\/WDU20090520417\/U\/D20090417Lj.pdf\" target=\"_blank\" rel=\"noopener\">USTAWA O PRAWACH PACJENTA<\/a><\/strong><\/h3><\/div>\n\t\t\t\t<\/div>\n\t\t\t\t\t\t\t<div class=\"elementor-toggle-item\">\n\t\t\t\t\t<div id=\"elementor-tab-title-1284\" class=\"elementor-tab-title\" data-tab=\"4\" role=\"button\" aria-controls=\"elementor-tab-content-1284\" aria-expanded=\"false\">\n\t\t\t\t\t\t\t\t\t\t\t\t<span class=\"elementor-toggle-icon elementor-toggle-icon-right\" aria-hidden=\"true\">\n\t\t\t\t\t\t\t\t\t\t\t\t\t\t\t<span class=\"elementor-toggle-icon-closed\"><svg class=\"e-font-icon-svg e-fas-angle-double-down\" viewBox=\"0 0 320 512\" xmlns=\"http:\/\/www.w3.org\/2000\/svg\"><path d=\"M143 256.3L7 120.3c-9.4-9.4-9.4-24.6 0-33.9l22.6-22.6c9.4-9.4 24.6-9.4 33.9 0l96.4 96.4 96.4-96.4c9.4-9.4 24.6-9.4 33.9 0L313 86.3c9.4 9.4 9.4 24.6 0 33.9l-136 136c-9.4 9.5-24.6 9.5-34 .1zm34 192l136-136c9.4-9.4 9.4-24.6 0-33.9l-22.6-22.6c-9.4-9.4-24.6-9.4-33.9 0L160 352.1l-96.4-96.4c-9.4-9.4-24.6-9.4-33.9 0L7 278.3c-9.4 9.4-9.4 24.6 0 33.9l136 136c9.4 9.5 24.6 9.5 34 .1z\"><\/path><\/svg><\/span>\n\t\t\t\t\t\t\t\t<span class=\"elementor-toggle-icon-opened\"><svg class=\"elementor-toggle-icon-opened e-font-icon-svg e-fas-angle-up\" viewBox=\"0 0 320 512\" xmlns=\"http:\/\/www.w3.org\/2000\/svg\"><path d=\"M177 159.7l136 136c9.4 9.4 9.4 24.6 0 33.9l-22.6 22.6c-9.4 9.4-24.6 9.4-33.9 0L160 255.9l-96.4 96.4c-9.4 9.4-24.6 9.4-33.9 0L7 329.7c-9.4-9.4-9.4-24.6 0-33.9l136-136c9.4-9.5 24.6-9.5 34-.1z\"><\/path><\/svg><\/span>\n\t\t\t\t\t\t\t\t\t\t\t\t\t<\/span>\n\t\t\t\t\t\t\t\t\t\t\t\t<a class=\"elementor-toggle-title\" tabindex=\"0\">NOCNA I \u015aWI\u0104TECZNA OPIEKA MEDYCZNA<\/a>\n\t\t\t\t\t<\/div>\n\n\t\t\t\t\t<div id=\"elementor-tab-content-1284\" class=\"elementor-tab-content elementor-clearfix\" data-tab=\"4\" role=\"region\" aria-labelledby=\"elementor-tab-title-1284\"><h3 style=\"text-align: center;\"><a href=\"https:\/\/www.nfz-krakow.pl\/dla-pacjenta\/pomoc-w-stanach-naglych\/nocna-i-swiateczna-opieka-zdrowotna\/\"><img decoding=\"async\" class=\"wp-image-426 size-medium aligncenter\" src=\"http:\/\/pogotowieskawina.pl\/wp-content\/uploads\/2020\/01\/0e97de13-6bef-479b-9e52-64c218aece57-1-300x120.jpg\" alt=\"guzik po klikni\u0119ciu kt\u00f3rego u\u017cytkownik przeniesiony zostanie na stron\u0119 nfz do zak\u0142adki nocnej i \u015bwi\u0105tecznej opieki medycznej gdzie znajdzie szeczeg\u00f3\u0142owe dane takie jak aders i telefon\" width=\"300\" height=\"120\" srcset=\"https:\/\/pogotowieskawina.pl\/wp-content\/uploads\/2020\/01\/0e97de13-6bef-479b-9e52-64c218aece57-1-300x120.jpg 300w, https:\/\/pogotowieskawina.pl\/wp-content\/uploads\/2020\/01\/0e97de13-6bef-479b-9e52-64c218aece57-1-1024x410.jpg 1024w, https:\/\/pogotowieskawina.pl\/wp-content\/uploads\/2020\/01\/0e97de13-6bef-479b-9e52-64c218aece57-1-768x307.jpg 768w, https:\/\/pogotowieskawina.pl\/wp-content\/uploads\/2020\/01\/0e97de13-6bef-479b-9e52-64c218aece57-1-1536x615.jpg 1536w, https:\/\/pogotowieskawina.pl\/wp-content\/uploads\/2020\/01\/0e97de13-6bef-479b-9e52-64c218aece57-1-370x148.jpg 370w, https:\/\/pogotowieskawina.pl\/wp-content\/uploads\/2020\/01\/0e97de13-6bef-479b-9e52-64c218aece57-1-1040x416.jpg 1040w, https:\/\/pogotowieskawina.pl\/wp-content\/uploads\/2020\/01\/0e97de13-6bef-479b-9e52-64c218aece57-1.jpg 1547w\" sizes=\"(max-width: 300px) 100vw, 300px\" \/><\/a>Wykaz telefon\u00f3w i adres\u00f3w do nocnej i \u015bwi\u0105tecznej opieki medycznej<\/h3><\/div>\n\t\t\t\t<\/div>\n\t\t\t\t\t\t\t\t<\/div>\n\t\t\t\t\t\t<\/div>\n\t\t\t\t<\/div>\n\t\t\t\t\t<\/div>\n\t\t<\/div>\n\t\t\t\t\t<\/div>\n\t\t<\/section>\n\t\t\t\t<section class=\"elementor-section elementor-top-section elementor-element elementor-element-eceebd6 elementor-section-boxed elementor-section-height-default elementor-section-height-default\" data-id=\"eceebd6\" data-element_type=\"section\" data-e-type=\"section\">\n\t\t\t\t\t\t<div class=\"elementor-container elementor-column-gap-default\">\n\t\t\t\t\t<div class=\"elementor-column elementor-col-100 elementor-top-column elementor-element elementor-element-43802c0\" data-id=\"43802c0\" data-element_type=\"column\" data-e-type=\"column\">\n\t\t\t<div class=\"elementor-widget-wrap elementor-element-populated\">\n\t\t\t\t\t\t<div class=\"elementor-element elementor-element-b00cbc7 elementor-widget-divider--view-line_icon elementor-view-default elementor-widget-divider--element-align-center elementor-widget elementor-widget-divider\" data-id=\"b00cbc7\" data-element_type=\"widget\" data-e-type=\"widget\" data-widget_type=\"divider.default\">\n\t\t\t\t<div class=\"elementor-widget-container\">\n\t\t\t\t\t\t\t<div class=\"elementor-divider\">\n\t\t\t<span class=\"elementor-divider-separator\">\n\t\t\t\t\t\t\t<div class=\"elementor-icon elementor-divider__element\">\n\t\t\t\t\t<svg aria-hidden=\"true\" class=\"e-font-icon-svg e-fas-ambulance\" viewBox=\"0 0 640 512\" xmlns=\"http:\/\/www.w3.org\/2000\/svg\"><path d=\"M624 352h-16V243.9c0-12.7-5.1-24.9-14.1-33.9L494 110.1c-9-9-21.2-14.1-33.9-14.1H416V48c0-26.5-21.5-48-48-48H48C21.5 0 0 21.5 0 48v320c0 26.5 21.5 48 48 48h16c0 53 43 96 96 96s96-43 96-96h128c0 53 43 96 96 96s96-43 96-96h48c8.8 0 16-7.2 16-16v-32c0-8.8-7.2-16-16-16zM160 464c-26.5 0-48-21.5-48-48s21.5-48 48-48 48 21.5 48 48-21.5 48-48 48zm144-248c0 4.4-3.6 8-8 8h-56v56c0 4.4-3.6 8-8 8h-48c-4.4 0-8-3.6-8-8v-56h-56c-4.4 0-8-3.6-8-8v-48c0-4.4 3.6-8 8-8h56v-56c0-4.4 3.6-8 8-8h48c4.4 0 8 3.6 8 8v56h56c4.4 0 8 3.6 8 8v48zm176 248c-26.5 0-48-21.5-48-48s21.5-48 48-48 48 21.5 48 48-21.5 48-48 48zm80-208H416V144h44.1l99.9 99.9V256z\"><\/path><\/svg><\/div>\n\t\t\t\t\t\t<\/span>\n\t\t<\/div>\n\t\t\t\t\t\t<\/div>\n\t\t\t\t<\/div>\n\t\t\t\t\t<\/div>\n\t\t<\/div>\n\t\t\t\t\t<\/div>\n\t\t<\/section>\n\t\t\t\t<\/div>\n\t\t","protected":false},"excerpt":{"rendered":"<p>DLA PACJENTA DOKUMENTACJA MEDYCZNA Dokumentacja medyczna jest udost\u0119pniana: Pacjentowi, kt\u00f3rego ona dotyczy, na podstawie dokumentu[&#8230;]<\/p>\n","protected":false},"author":2,"featured_media":14,"parent":0,"menu_order":0,"comment_status":"closed","ping_status":"closed","template":"","meta":{"_crdt_document":"","footnotes":""},"class_list":["post-21","page","type-page","status-publish","has-post-thumbnail","hentry"],"_links":{"self":[{"href":"https:\/\/pogotowieskawina.pl\/index.php\/wp-json\/wp\/v2\/pages\/21","targetHints":{"allow":["GET"]}}],"collection":[{"href":"https:\/\/pogotowieskawina.pl\/index.php\/wp-json\/wp\/v2\/pages"}],"about":[{"href":"https:\/\/pogotowieskawina.pl\/index.php\/wp-json\/wp\/v2\/types\/page"}],"author":[{"embeddable":true,"href":"https:\/\/pogotowieskawina.pl\/index.php\/wp-json\/wp\/v2\/users\/2"}],"replies":[{"embeddable":true,"href":"https:\/\/pogotowieskawina.pl\/index.php\/wp-json\/wp\/v2\/comments?post=21"}],"version-history":[{"count":52,"href":"https:\/\/pogotowieskawina.pl\/index.php\/wp-json\/wp\/v2\/pages\/21\/revisions"}],"predecessor-version":[{"id":2134,"href":"https:\/\/pogotowieskawina.pl\/index.php\/wp-json\/wp\/v2\/pages\/21\/revisions\/2134"}],"wp:featuredmedia":[{"embeddable":true,"href":"https:\/\/pogotowieskawina.pl\/index.php\/wp-json\/wp\/v2\/media\/14"}],"wp:attachment":[{"href":"https:\/\/pogotowieskawina.pl\/index.php\/wp-json\/wp\/v2\/media?parent=21"}],"curies":[{"name":"wp","href":"https:\/\/api.w.org\/{rel}","templated":true}]}}