{"id":20,"date":"2020-01-27T18:57:44","date_gmt":"2020-01-27T17:57:44","guid":{"rendered":"http:\/\/pogotowieskawina.pl\/?page_id=20"},"modified":"2025-05-16T13:54:11","modified_gmt":"2025-05-16T11:54:11","slug":"o-nas","status":"publish","type":"page","link":"https:\/\/pogotowieskawina.pl\/index.php\/o-nas\/","title":{"rendered":"O NAS"},"content":{"rendered":"\t\t<div data-elementor-type=\"wp-page\" data-elementor-id=\"20\" class=\"elementor elementor-20\">\n\t\t\t\t\t\t<section class=\"elementor-section elementor-top-section elementor-element elementor-element-6001ae3 elementor-section-boxed elementor-section-height-default elementor-section-height-default\" data-id=\"6001ae3\" data-element_type=\"section\" data-e-type=\"section\">\n\t\t\t\t\t\t<div class=\"elementor-container elementor-column-gap-default\">\n\t\t\t\t\t<div class=\"elementor-column elementor-col-100 elementor-top-column elementor-element elementor-element-0a80566\" data-id=\"0a80566\" data-element_type=\"column\" data-e-type=\"column\">\n\t\t\t<div class=\"elementor-widget-wrap elementor-element-populated\">\n\t\t\t\t\t\t<div class=\"elementor-element elementor-element-60adf93 elementor-widget elementor-widget-heading\" data-id=\"60adf93\" data-element_type=\"widget\" data-e-type=\"widget\" data-widget_type=\"heading.default\">\n\t\t\t\t<div class=\"elementor-widget-container\">\n\t\t\t\t\t<h2 class=\"elementor-heading-title elementor-size-large\">O NAS<\/h2>\t\t\t\t<\/div>\n\t\t\t\t<\/div>\n\t\t\t\t<div class=\"elementor-element elementor-element-c71d161 elementor-widget-divider--view-line_icon elementor-view-default elementor-widget-divider--element-align-center elementor-widget elementor-widget-divider\" data-id=\"c71d161\" data-element_type=\"widget\" data-e-type=\"widget\" data-widget_type=\"divider.default\">\n\t\t\t\t<div class=\"elementor-widget-container\">\n\t\t\t\t\t\t\t<div class=\"elementor-divider\">\n\t\t\t<span class=\"elementor-divider-separator\">\n\t\t\t\t\t\t\t<div class=\"elementor-icon elementor-divider__element\">\n\t\t\t\t\t<svg aria-hidden=\"true\" class=\"e-font-icon-svg e-fas-ambulance\" viewBox=\"0 0 640 512\" xmlns=\"http:\/\/www.w3.org\/2000\/svg\"><path d=\"M624 352h-16V243.9c0-12.7-5.1-24.9-14.1-33.9L494 110.1c-9-9-21.2-14.1-33.9-14.1H416V48c0-26.5-21.5-48-48-48H48C21.5 0 0 21.5 0 48v320c0 26.5 21.5 48 48 48h16c0 53 43 96 96 96s96-43 96-96h128c0 53 43 96 96 96s96-43 96-96h48c8.8 0 16-7.2 16-16v-32c0-8.8-7.2-16-16-16zM160 464c-26.5 0-48-21.5-48-48s21.5-48 48-48 48 21.5 48 48-21.5 48-48 48zm144-248c0 4.4-3.6 8-8 8h-56v56c0 4.4-3.6 8-8 8h-48c-4.4 0-8-3.6-8-8v-56h-56c-4.4 0-8-3.6-8-8v-48c0-4.4 3.6-8 8-8h56v-56c0-4.4 3.6-8 8-8h48c4.4 0 8 3.6 8 8v56h56c4.4 0 8 3.6 8 8v48zm176 248c-26.5 0-48-21.5-48-48s21.5-48 48-48 48 21.5 48 48-21.5 48-48 48zm80-208H416V144h44.1l99.9 99.9V256z\"><\/path><\/svg><\/div>\n\t\t\t\t\t\t<\/span>\n\t\t<\/div>\n\t\t\t\t\t\t<\/div>\n\t\t\t\t<\/div>\n\t\t\t\t<div class=\"elementor-element elementor-element-08caae1 elementor-hidden-tablet elementor-hidden-phone elementor-widget elementor-widget-image\" data-id=\"08caae1\" data-element_type=\"widget\" data-e-type=\"widget\" data-widget_type=\"image.default\">\n\t\t\t\t<div class=\"elementor-widget-container\">\n\t\t\t\t\t\t\t\t\t\t\t\t\t\t\t\t<a href=\"http:\/\/pogotowieskawina.pl\/wp-content\/uploads\/2020\/01\/be1e93b4-c54f-482f-8da5-2eb36bc440bd.jpg\">\n\t\t\t\t\t\t\t<img fetchpriority=\"high\" decoding=\"async\" width=\"1024\" height=\"164\" src=\"https:\/\/pogotowieskawina.pl\/wp-content\/uploads\/2020\/01\/be1e93b4-c54f-482f-8da5-2eb36bc440bd-1024x164.jpg\" class=\"elementor-animation-grow attachment-large size-large wp-image-208\" alt=\"Zdj\u0119cie informuj\u0105ce o tym i\u017c pogotowie ratunkowe imienia siegfrieda greinera w skawinie jest instytucj\u0105 miasta i gminy skawina\" srcset=\"https:\/\/pogotowieskawina.pl\/wp-content\/uploads\/2020\/01\/be1e93b4-c54f-482f-8da5-2eb36bc440bd-1024x164.jpg 1024w, https:\/\/pogotowieskawina.pl\/wp-content\/uploads\/2020\/01\/be1e93b4-c54f-482f-8da5-2eb36bc440bd-300x48.jpg 300w, https:\/\/pogotowieskawina.pl\/wp-content\/uploads\/2020\/01\/be1e93b4-c54f-482f-8da5-2eb36bc440bd-768x123.jpg 768w, https:\/\/pogotowieskawina.pl\/wp-content\/uploads\/2020\/01\/be1e93b4-c54f-482f-8da5-2eb36bc440bd-1536x246.jpg 1536w, https:\/\/pogotowieskawina.pl\/wp-content\/uploads\/2020\/01\/be1e93b4-c54f-482f-8da5-2eb36bc440bd-2048x328.jpg 2048w, https:\/\/pogotowieskawina.pl\/wp-content\/uploads\/2020\/01\/be1e93b4-c54f-482f-8da5-2eb36bc440bd-370x59.jpg 370w, https:\/\/pogotowieskawina.pl\/wp-content\/uploads\/2020\/01\/be1e93b4-c54f-482f-8da5-2eb36bc440bd-1040x167.jpg 1040w\" sizes=\"(max-width: 1024px) 100vw, 1024px\" \/>\t\t\t\t\t\t\t\t<\/a>\n\t\t\t\t\t\t\t\t\t\t\t\t\t\t\t<\/div>\n\t\t\t\t<\/div>\n\t\t\t\t<div class=\"elementor-element elementor-element-ee9db2d elementor-widget-divider--view-line_icon elementor-hidden-tablet elementor-hidden-phone elementor-view-default elementor-widget-divider--element-align-center elementor-widget elementor-widget-divider\" data-id=\"ee9db2d\" data-element_type=\"widget\" data-e-type=\"widget\" data-widget_type=\"divider.default\">\n\t\t\t\t<div class=\"elementor-widget-container\">\n\t\t\t\t\t\t\t<div class=\"elementor-divider\">\n\t\t\t<span class=\"elementor-divider-separator\">\n\t\t\t\t\t\t\t<div class=\"elementor-icon elementor-divider__element\">\n\t\t\t\t\t<svg aria-hidden=\"true\" class=\"e-font-icon-svg e-fas-ambulance\" viewBox=\"0 0 640 512\" xmlns=\"http:\/\/www.w3.org\/2000\/svg\"><path d=\"M624 352h-16V243.9c0-12.7-5.1-24.9-14.1-33.9L494 110.1c-9-9-21.2-14.1-33.9-14.1H416V48c0-26.5-21.5-48-48-48H48C21.5 0 0 21.5 0 48v320c0 26.5 21.5 48 48 48h16c0 53 43 96 96 96s96-43 96-96h128c0 53 43 96 96 96s96-43 96-96h48c8.8 0 16-7.2 16-16v-32c0-8.8-7.2-16-16-16zM160 464c-26.5 0-48-21.5-48-48s21.5-48 48-48 48 21.5 48 48-21.5 48-48 48zm144-248c0 4.4-3.6 8-8 8h-56v56c0 4.4-3.6 8-8 8h-48c-4.4 0-8-3.6-8-8v-56h-56c-4.4 0-8-3.6-8-8v-48c0-4.4 3.6-8 8-8h56v-56c0-4.4 3.6-8 8-8h48c4.4 0 8 3.6 8 8v56h56c4.4 0 8 3.6 8 8v48zm176 248c-26.5 0-48-21.5-48-48s21.5-48 48-48 48 21.5 48 48-21.5 48-48 48zm80-208H416V144h44.1l99.9 99.9V256z\"><\/path><\/svg><\/div>\n\t\t\t\t\t\t<\/span>\n\t\t<\/div>\n\t\t\t\t\t\t<\/div>\n\t\t\t\t<\/div>\n\t\t\t\t<div class=\"elementor-element elementor-element-dd645ad elementor-widget elementor-widget-text-editor\" data-id=\"dd645ad\" data-element_type=\"widget\" data-e-type=\"widget\" data-widget_type=\"text-editor.default\">\n\t\t\t\t<div class=\"elementor-widget-container\">\n\t\t\t\t\t\t\t\t\t<p>&nbsp;&nbsp;&nbsp;&nbsp; Pogotowie Ratunkowe w Skawinie rozpocz\u0119\u0142o swoj\u0105 dzia\u0142alno\u015b\u0107 od dnia 01.04.1995 roku jako jednostka organizacyjna Zespo\u0142u Lecznictwa Otwartego. Od 01.01.2001 roku Pogotowie dzia\u0142a jako samodzielny publiczny zak\u0142ad opieki zdrowotnej.<\/p>\n<p>&nbsp;&nbsp;&nbsp;&nbsp; Organem za\u0142o\u017cycielskim Pogotowia jest Rada Miejska w Skawinie.<\/p>\n<p>&nbsp;&nbsp;&nbsp;&nbsp; W maju 2003 roku Pogotowiu zosta\u0142o nadane imi\u0119 Siegfrieda Greinera, jednego z g\u0142\u00f3wnych inicjator\u00f3w idei partnerstwa w H\u00fcrth, wieloletniego przyjaciela Skawiny.<\/p>\n<p>&nbsp;&nbsp;&nbsp;&nbsp; Pogotowie Ratunkowe w Skawinie realizuje zadania i cele w oparciu o Ustaw\u0119 o Pa\u0144stwowym Ratownictwie Medycznym oraz Statut. Udzielamy \u015bwiadcze\u0144 zdrowotnych w razie wypadku, urazu, porodu, nag\u0142ego zachorowania lub nag\u0142ego pogorszenia stanu zdrowia, powoduj\u0105cego zagro\u017cenie \u017cycia. Zespo\u0142y Ratownictwa Medycznego \u201eP\u201d podejmuj\u0105 medyczne czynno\u015bci ratunkowe w warunkach poza szpitalnych. Najwa\u017cniejszym celem naszych dzia\u0142a\u0144 jest, aby pierwsza pomoc dotar\u0142a jak najszybciej w miejsce zdarzenia a poszkodowany &#8211; pacjent niezw\u0142ocznie zosta\u0142 odwieziony do najbli\u017cszego szpitalnego oddzia\u0142u ratunkowego.<\/p>\n<p>&nbsp;&nbsp;&nbsp;&nbsp;&nbsp;&nbsp; Pogotowie Ratunkowe w chwili obecnej dysponuje 3 Zespo\u0142ami Ratownictwa Medycznego:<\/p>\n<ul>\n<li>K01 052 &#8211; ZRM Podstawowy (FUNKCJONUJ\u0104CY 24\/7)<\/li>\n<li>K01 140 &#8211; ZRM Podstawowy (FUNKCJONUJ\u0104CY 24\/7)<\/li>\n<li>K01 172 &#8211; ZRM Podstawowy (FUNKCJONUJ\u0104CY 7-19\/7)<\/li>\n<\/ul>\n<p>&nbsp;&nbsp;&nbsp; \u015awiadczenia zdrowotne realizowane s\u0105 przez kadr\u0119 medyczn\u0105 posiadaj\u0105c\u0105 wysokie kwalifikacje i do\u015bwiadczenie zawodowe.<\/p>\t\t\t\t\t\t\t\t<\/div>\n\t\t\t\t<\/div>\n\t\t\t\t<section class=\"elementor-section elementor-inner-section elementor-element elementor-element-fc9857b elementor-section-boxed elementor-section-height-default elementor-section-height-default\" data-id=\"fc9857b\" data-element_type=\"section\" data-e-type=\"section\">\n\t\t\t\t\t\t<div class=\"elementor-container elementor-column-gap-default\">\n\t\t\t\t\t<div class=\"elementor-column elementor-col-50 elementor-inner-column elementor-element elementor-element-28a75b1\" data-id=\"28a75b1\" data-element_type=\"column\" data-e-type=\"column\">\n\t\t\t<div class=\"elementor-widget-wrap elementor-element-populated\">\n\t\t\t\t\t\t<div class=\"elementor-element elementor-element-3d27624 elementor-widget elementor-widget-image\" data-id=\"3d27624\" data-element_type=\"widget\" data-e-type=\"widget\" data-widget_type=\"image.default\">\n\t\t\t\t<div class=\"elementor-widget-container\">\n\t\t\t\t\t\t\t\t\t\t\t\t\t\t\t\t<a href=\"http:\/\/pogotowieskawina.pl\/wp-content\/uploads\/2020\/01\/4c114c45-c681-4ad3-a41d-a4dbb05a5608-scaled.jpg\">\n\t\t\t\t\t\t\t<img decoding=\"async\" width=\"768\" height=\"576\" src=\"https:\/\/pogotowieskawina.pl\/wp-content\/uploads\/2020\/01\/4c114c45-c681-4ad3-a41d-a4dbb05a5608-768x576.jpg\" class=\"elementor-animation-grow attachment-medium_large size-medium_large wp-image-126\" alt=\"nz zdj\u0119ciu widoczna jest karetka S stoj\u0105ca w gara\u017cu\" srcset=\"https:\/\/pogotowieskawina.pl\/wp-content\/uploads\/2020\/01\/4c114c45-c681-4ad3-a41d-a4dbb05a5608-768x576.jpg 768w, https:\/\/pogotowieskawina.pl\/wp-content\/uploads\/2020\/01\/4c114c45-c681-4ad3-a41d-a4dbb05a5608-300x225.jpg 300w, https:\/\/pogotowieskawina.pl\/wp-content\/uploads\/2020\/01\/4c114c45-c681-4ad3-a41d-a4dbb05a5608-1024x768.jpg 1024w, https:\/\/pogotowieskawina.pl\/wp-content\/uploads\/2020\/01\/4c114c45-c681-4ad3-a41d-a4dbb05a5608-1536x1152.jpg 1536w, https:\/\/pogotowieskawina.pl\/wp-content\/uploads\/2020\/01\/4c114c45-c681-4ad3-a41d-a4dbb05a5608-2048x1536.jpg 2048w, https:\/\/pogotowieskawina.pl\/wp-content\/uploads\/2020\/01\/4c114c45-c681-4ad3-a41d-a4dbb05a5608-370x278.jpg 370w, https:\/\/pogotowieskawina.pl\/wp-content\/uploads\/2020\/01\/4c114c45-c681-4ad3-a41d-a4dbb05a5608-1040x780.jpg 1040w\" sizes=\"(max-width: 768px) 100vw, 768px\" \/>\t\t\t\t\t\t\t\t<\/a>\n\t\t\t\t\t\t\t\t\t\t\t\t\t\t\t<\/div>\n\t\t\t\t<\/div>\n\t\t\t\t\t<\/div>\n\t\t<\/div>\n\t\t\t\t<div class=\"elementor-column elementor-col-50 elementor-inner-column elementor-element elementor-element-cc95ed1\" data-id=\"cc95ed1\" data-element_type=\"column\" data-e-type=\"column\">\n\t\t\t<div class=\"elementor-widget-wrap elementor-element-populated\">\n\t\t\t\t\t\t<div class=\"elementor-element elementor-element-f4dcc9e elementor-widget elementor-widget-image\" data-id=\"f4dcc9e\" data-element_type=\"widget\" data-e-type=\"widget\" data-widget_type=\"image.default\">\n\t\t\t\t<div class=\"elementor-widget-container\">\n\t\t\t\t\t\t\t\t\t\t\t\t\t\t\t\t<a href=\"http:\/\/pogotowieskawina.pl\/wp-content\/uploads\/2020\/01\/41534edd-e55a-4e6d-9543-8526da0e2a8d-1-scaled.jpg\">\n\t\t\t\t\t\t\t<img decoding=\"async\" width=\"1024\" height=\"768\" src=\"https:\/\/pogotowieskawina.pl\/wp-content\/uploads\/2020\/01\/41534edd-e55a-4e6d-9543-8526da0e2a8d-1-1024x768.jpg\" class=\"elementor-animation-grow attachment-large size-large wp-image-128\" alt=\"Na zdj\u0119ciu widoczna jest karetka P stoj\u0105ca w skawi\u0144skim gara\u017cu\" srcset=\"https:\/\/pogotowieskawina.pl\/wp-content\/uploads\/2020\/01\/41534edd-e55a-4e6d-9543-8526da0e2a8d-1-1024x768.jpg 1024w, https:\/\/pogotowieskawina.pl\/wp-content\/uploads\/2020\/01\/41534edd-e55a-4e6d-9543-8526da0e2a8d-1-300x225.jpg 300w, https:\/\/pogotowieskawina.pl\/wp-content\/uploads\/2020\/01\/41534edd-e55a-4e6d-9543-8526da0e2a8d-1-768x576.jpg 768w, https:\/\/pogotowieskawina.pl\/wp-content\/uploads\/2020\/01\/41534edd-e55a-4e6d-9543-8526da0e2a8d-1-1536x1152.jpg 1536w, https:\/\/pogotowieskawina.pl\/wp-content\/uploads\/2020\/01\/41534edd-e55a-4e6d-9543-8526da0e2a8d-1-2048x1536.jpg 2048w, https:\/\/pogotowieskawina.pl\/wp-content\/uploads\/2020\/01\/41534edd-e55a-4e6d-9543-8526da0e2a8d-1-370x278.jpg 370w, https:\/\/pogotowieskawina.pl\/wp-content\/uploads\/2020\/01\/41534edd-e55a-4e6d-9543-8526da0e2a8d-1-1040x780.jpg 1040w\" sizes=\"(max-width: 1024px) 100vw, 1024px\" \/>\t\t\t\t\t\t\t\t<\/a>\n\t\t\t\t\t\t\t\t\t\t\t\t\t\t\t<\/div>\n\t\t\t\t<\/div>\n\t\t\t\t\t<\/div>\n\t\t<\/div>\n\t\t\t\t\t<\/div>\n\t\t<\/section>\n\t\t\t\t<div class=\"elementor-element elementor-element-a32ea8a elementor-widget elementor-widget-image\" data-id=\"a32ea8a\" data-element_type=\"widget\" data-e-type=\"widget\" data-widget_type=\"image.default\">\n\t\t\t\t<div class=\"elementor-widget-container\">\n\t\t\t\t\t\t\t\t\t\t\t\t\t\t\t<img loading=\"lazy\" decoding=\"async\" width=\"1024\" height=\"525\" src=\"https:\/\/pogotowieskawina.pl\/wp-content\/uploads\/2020\/01\/0b4ba3f4-750b-4f71-a722-c7b64dcfb46f-1024x525.jpg\" class=\"elementor-animation-grow attachment-large size-large wp-image-125\" alt=\"na zdj\u0119ciu widoczna jest karetka P stoj\u0105ca przed gara\u017cem\" srcset=\"https:\/\/pogotowieskawina.pl\/wp-content\/uploads\/2020\/01\/0b4ba3f4-750b-4f71-a722-c7b64dcfb46f-1024x525.jpg 1024w, https:\/\/pogotowieskawina.pl\/wp-content\/uploads\/2020\/01\/0b4ba3f4-750b-4f71-a722-c7b64dcfb46f-300x154.jpg 300w, https:\/\/pogotowieskawina.pl\/wp-content\/uploads\/2020\/01\/0b4ba3f4-750b-4f71-a722-c7b64dcfb46f-768x394.jpg 768w, https:\/\/pogotowieskawina.pl\/wp-content\/uploads\/2020\/01\/0b4ba3f4-750b-4f71-a722-c7b64dcfb46f-370x190.jpg 370w, https:\/\/pogotowieskawina.pl\/wp-content\/uploads\/2020\/01\/0b4ba3f4-750b-4f71-a722-c7b64dcfb46f-1040x534.jpg 1040w, https:\/\/pogotowieskawina.pl\/wp-content\/uploads\/2020\/01\/0b4ba3f4-750b-4f71-a722-c7b64dcfb46f.jpg 1271w\" sizes=\"(max-width: 1024px) 100vw, 1024px\" \/>\t\t\t\t\t\t\t\t\t\t\t\t\t\t\t<\/div>\n\t\t\t\t<\/div>\n\t\t\t\t<div class=\"elementor-element elementor-element-8029382 elementor-widget-divider--view-line_icon elementor-view-default elementor-widget-divider--element-align-center elementor-widget elementor-widget-divider\" data-id=\"8029382\" data-element_type=\"widget\" data-e-type=\"widget\" data-widget_type=\"divider.default\">\n\t\t\t\t<div class=\"elementor-widget-container\">\n\t\t\t\t\t\t\t<div class=\"elementor-divider\">\n\t\t\t<span class=\"elementor-divider-separator\">\n\t\t\t\t\t\t\t<div class=\"elementor-icon elementor-divider__element\">\n\t\t\t\t\t<svg aria-hidden=\"true\" class=\"e-font-icon-svg e-fas-ambulance\" viewBox=\"0 0 640 512\" xmlns=\"http:\/\/www.w3.org\/2000\/svg\"><path d=\"M624 352h-16V243.9c0-12.7-5.1-24.9-14.1-33.9L494 110.1c-9-9-21.2-14.1-33.9-14.1H416V48c0-26.5-21.5-48-48-48H48C21.5 0 0 21.5 0 48v320c0 26.5 21.5 48 48 48h16c0 53 43 96 96 96s96-43 96-96h128c0 53 43 96 96 96s96-43 96-96h48c8.8 0 16-7.2 16-16v-32c0-8.8-7.2-16-16-16zM160 464c-26.5 0-48-21.5-48-48s21.5-48 48-48 48 21.5 48 48-21.5 48-48 48zm144-248c0 4.4-3.6 8-8 8h-56v56c0 4.4-3.6 8-8 8h-48c-4.4 0-8-3.6-8-8v-56h-56c-4.4 0-8-3.6-8-8v-48c0-4.4 3.6-8 8-8h56v-56c0-4.4 3.6-8 8-8h48c4.4 0 8 3.6 8 8v56h56c4.4 0 8 3.6 8 8v48zm176 248c-26.5 0-48-21.5-48-48s21.5-48 48-48 48 21.5 48 48-21.5 48-48 48zm80-208H416V144h44.1l99.9 99.9V256z\"><\/path><\/svg><\/div>\n\t\t\t\t\t\t<\/span>\n\t\t<\/div>\n\t\t\t\t\t\t<\/div>\n\t\t\t\t<\/div>\n\t\t\t\t\t<\/div>\n\t\t<\/div>\n\t\t\t\t\t<\/div>\n\t\t<\/section>\n\t\t\t\t<section class=\"elementor-section elementor-top-section elementor-element elementor-element-9163e01 elementor-section-boxed elementor-section-height-default elementor-section-height-default\" data-id=\"9163e01\" data-element_type=\"section\" data-e-type=\"section\">\n\t\t\t\t\t\t<div class=\"elementor-container elementor-column-gap-default\">\n\t\t\t\t\t<div class=\"elementor-column elementor-col-100 elementor-top-column elementor-element elementor-element-22cd040\" data-id=\"22cd040\" data-element_type=\"column\" data-e-type=\"column\">\n\t\t\t<div class=\"elementor-widget-wrap elementor-element-populated\">\n\t\t\t\t\t\t<div class=\"elementor-element elementor-element-a6345a6 elementor-widget elementor-widget-sitemap\" data-id=\"a6345a6\" data-element_type=\"widget\" data-e-type=\"widget\" data-widget_type=\"sitemap.default\">\n\t\t\t\t<div class=\"elementor-widget-container\">\n\t\t\t\t\t \t\t\t\t<\/div>\n\t\t\t\t<\/div>\n\t\t\t\t\t<\/div>\n\t\t<\/div>\n\t\t\t\t\t<\/div>\n\t\t<\/section>\n\t\t\t\t<\/div>\n\t\t","protected":false},"excerpt":{"rendered":"<p>O NAS &nbsp;&nbsp;&nbsp;&nbsp; Pogotowie Ratunkowe w Skawinie rozpocz\u0119\u0142o swoj\u0105 dzia\u0142alno\u015b\u0107 od dnia 01.04.1995 roku jako[&#8230;]<\/p>\n","protected":false},"author":2,"featured_media":101,"parent":0,"menu_order":0,"comment_status":"closed","ping_status":"closed","template":"","meta":{"_crdt_document":"","footnotes":""},"class_list":["post-20","page","type-page","status-publish","has-post-thumbnail","hentry"],"_links":{"self":[{"href":"https:\/\/pogotowieskawina.pl\/index.php\/wp-json\/wp\/v2\/pages\/20","targetHints":{"allow":["GET"]}}],"collection":[{"href":"https:\/\/pogotowieskawina.pl\/index.php\/wp-json\/wp\/v2\/pages"}],"about":[{"href":"https:\/\/pogotowieskawina.pl\/index.php\/wp-json\/wp\/v2\/types\/page"}],"author":[{"embeddable":true,"href":"https:\/\/pogotowieskawina.pl\/index.php\/wp-json\/wp\/v2\/users\/2"}],"replies":[{"embeddable":true,"href":"https:\/\/pogotowieskawina.pl\/index.php\/wp-json\/wp\/v2\/comments?post=20"}],"version-history":[{"count":57,"href":"https:\/\/pogotowieskawina.pl\/index.php\/wp-json\/wp\/v2\/pages\/20\/revisions"}],"predecessor-version":[{"id":2062,"href":"https:\/\/pogotowieskawina.pl\/index.php\/wp-json\/wp\/v2\/pages\/20\/revisions\/2062"}],"wp:featuredmedia":[{"embeddable":true,"href":"https:\/\/pogotowieskawina.pl\/index.php\/wp-json\/wp\/v2\/media\/101"}],"wp:attachment":[{"href":"https:\/\/pogotowieskawina.pl\/index.php\/wp-json\/wp\/v2\/media?parent=20"}],"curies":[{"name":"wp","href":"https:\/\/api.w.org\/{rel}","templated":true}]}}