{"id":1949,"date":"2024-09-12T10:30:13","date_gmt":"2024-09-12T08:30:13","guid":{"rendered":"https:\/\/pogotowieskawina.pl\/?page_id=1949"},"modified":"2025-06-18T06:16:09","modified_gmt":"2025-06-18T04:16:09","slug":"polityka-ochrony-dzieci","status":"publish","type":"page","link":"https:\/\/pogotowieskawina.pl\/index.php\/polityka-ochrony-dzieci\/","title":{"rendered":"Polityka Ochrony Dzieci w Podmiotach Leczniczych"},"content":{"rendered":"\t\t<div data-elementor-type=\"wp-page\" data-elementor-id=\"1949\" class=\"elementor elementor-1949\">\n\t\t\t\t<div class=\"elementor-element elementor-element-9ca13b7 e-con-full e-flex e-con e-parent\" data-id=\"9ca13b7\" data-element_type=\"container\" data-e-type=\"container\">\n\t\t\t\t<div class=\"elementor-element elementor-element-1b10bb2 elementor-widget elementor-widget-text-editor\" data-id=\"1b10bb2\" data-element_type=\"widget\" data-e-type=\"widget\" data-widget_type=\"text-editor.default\">\n\t\t\t\t<div class=\"elementor-widget-container\">\n\t\t\t\t\t\t\t\t\t<h2 style=\"text-align: center;\"><strong>Pogotowie Ratunkowe im. S. Greinera w Skawinie<\/strong><\/h2><h3 style=\"text-align: center;\"><strong>Wersja skr\u00f3cona dla dzieci.<\/strong><\/h3><h4>1. Jeste\u015bmy pogotowiem ratunkowym, chcemy, \u017ceby\u015b u nas czu\u0142 si\u0119 dobrze i bezpiecznie.<\/h4><h4>2. Je\u017celi spotka\u0142o Ci\u0119 co\u015b z\u0142ego czego nie akceptujesz lub kto\u015b Ci\u0119 skrzywdzi\u0142, mo\u017cesz nam o tym opowiedzie\u0107. Nie b\u00f3j si\u0119 nie b\u0119dziemy Ci\u0119 ocenia\u0107, chcemy Ci pom\u00f3c.<\/h4><h4>3. Na badania do karetki wchodzisz z mam\u0105 lub tat\u0105, opiekunem lub inn\u0105 blisk\u0105 Ci osob\u0105. Je\u015bli musisz jecha\u0107 do szpitala jedziesz z mam\u0105 lub tat\u0105, opiekunem lub inn\u0105 blisk\u0105 Ci osob\u0105. Oni mog\u0105 zawsze by\u0107 przy Tobie.<\/h4><h4>4. Przed badaniem lekarz lub ratownik medyczny wyt\u0142umaczy Ci co b\u0119dzie robi\u0142 i dlaczego.<\/h4><h4>5. Lekarzowi lub ratownikowi medycznemu mo\u017cesz powiedzie\u0107 wszystko, on jest tu po to, \u017ceby Ci pom\u00f3c.<\/h4><h4>6. Wiedza o tym, co Ci dolega, czego si\u0119 obawiasz lub wstydzisz mo\u017ce by\u0107 bardzo wa\u017cna. Dzi\u0119ki tej wiedzy lekarz lub ratownik medyczny b\u0119dzie m\u00f3g\u0142 Ci pom\u00f3c jak najlepiej.<\/h4><h4>7. Lekarzom, ratownikom medycznym i wszystkim osobom z naszego pogotowia mo\u017cesz zadawa\u0107 pytania.<\/h4><h4>8. Nikt nie mo\u017ce na Ciebie krzycze\u0107, wy\u015bmiewa\u0107 Ciebie, dotyka\u0107 Ci\u0119 bez Twojej zgody ani fotografowa\u0107.<\/h4><h4>9. Cokolwiek si\u0119 w Twoim \u017cyciu dzieje \u2013 nie jeste\u015b sam. To s\u0105 ca\u0142odobowe numery telefon\u00f3w do os\u00f3b, kt\u00f3rym mo\u017cesz zaufa\u0107:<\/h4><h4 style=\"padding-left: 40px;\"><span style=\"color: #0000ff;\">\u2022 Og\u00f3lnopolskie Pogotowie dla Ofiar Przemocy w Rodzinie \u201eNiebieska Linia\u201d: 800 120 002<\/span><\/h4><h4 style=\"padding-left: 40px;\"><span style=\"color: #0000ff;\">\u2022 Telefon Zaufania Dla Dzieci i M\u0142odzie\u017cy: 116 111 oraz na stronie www.116111.pl, tak\u017ce chat<\/span><\/h4><h4 style=\"padding-left: 40px;\"><span style=\"color: #0000ff;\">\u2022 Ca\u0142odobowy dzieci\u0119cy Telefon Zaufania Rzecznika Praw Dziecka 800 12 12 12 oraz na stronie www.800121212.pl, tak\u017ce chat.<\/span><\/h4><div><span style=\"color: #333399;\">\u00a0<\/span><\/div><h3 style=\"text-align: center;\"><a href=\"https:\/\/pogotowieskawina.pl\/wp-content\/uploads\/2025\/06\/Polityka-ochrony-maloletnich.pdf\"><span style=\"color: #ff0000;\">Pe\u0142na wersja dokumentu<\/span><\/a><\/h3>\t\t\t\t\t\t\t\t<\/div>\n\t\t\t\t<\/div>\n\t\t\t\t<\/div>\n\t\t\t\t<\/div>\n\t\t","protected":false},"excerpt":{"rendered":"<p>Pogotowie Ratunkowe im. S. Greinera w Skawinie Wersja skr\u00f3cona dla dzieci. 1. Jeste\u015bmy pogotowiem ratunkowym,[&#8230;]<\/p>\n","protected":false},"author":3,"featured_media":0,"parent":0,"menu_order":0,"comment_status":"closed","ping_status":"closed","template":"","meta":{"_crdt_document":"","footnotes":""},"class_list":["post-1949","page","type-page","status-publish","hentry"],"_links":{"self":[{"href":"https:\/\/pogotowieskawina.pl\/index.php\/wp-json\/wp\/v2\/pages\/1949","targetHints":{"allow":["GET"]}}],"collection":[{"href":"https:\/\/pogotowieskawina.pl\/index.php\/wp-json\/wp\/v2\/pages"}],"about":[{"href":"https:\/\/pogotowieskawina.pl\/index.php\/wp-json\/wp\/v2\/types\/page"}],"author":[{"embeddable":true,"href":"https:\/\/pogotowieskawina.pl\/index.php\/wp-json\/wp\/v2\/users\/3"}],"replies":[{"embeddable":true,"href":"https:\/\/pogotowieskawina.pl\/index.php\/wp-json\/wp\/v2\/comments?post=1949"}],"version-history":[{"count":39,"href":"https:\/\/pogotowieskawina.pl\/index.php\/wp-json\/wp\/v2\/pages\/1949\/revisions"}],"predecessor-version":[{"id":2117,"href":"https:\/\/pogotowieskawina.pl\/index.php\/wp-json\/wp\/v2\/pages\/1949\/revisions\/2117"}],"wp:attachment":[{"href":"https:\/\/pogotowieskawina.pl\/index.php\/wp-json\/wp\/v2\/media?parent=1949"}],"curies":[{"name":"wp","href":"https:\/\/api.w.org\/{rel}","templated":true}]}}